{"id":630,"date":"2021-08-26T09:02:41","date_gmt":"2021-08-26T09:02:41","guid":{"rendered":"https:\/\/el3.thembaydev.com\/greenmart_fresh\/?page_id=630"},"modified":"2025-06-14T15:03:42","modified_gmt":"2025-06-14T20:03:42","slug":"ofertas-da-semana","status":"publish","type":"page","link":"https:\/\/colonos.eco.br\/variedadesdositio\/ofertas-da-semana\/","title":{"rendered":"Ofertas da Semana"},"content":{"rendered":"\t\t<div data-elementor-type=\"wp-page\" data-elementor-id=\"630\" class=\"elementor elementor-630\">\n\t\t\t\t\t\t<section class=\"elementor-section elementor-top-section elementor-element elementor-element-020afc0 elementor-section-stretched elementor-section-boxed elementor-section-height-default elementor-section-height-default\" data-id=\"020afc0\" data-element_type=\"section\" data-settings=\"{&quot;stretch_section&quot;:&quot;section-stretched&quot;,&quot;background_background&quot;:&quot;classic&quot;}\">\n\t\t\t\t\t\t<div class=\"elementor-container elementor-column-gap-default\">\n\t\t\t\t\t<div class=\"elementor-column elementor-col-100 elementor-top-column elementor-element elementor-element-764287e\" data-id=\"764287e\" data-element_type=\"column\">\n\t\t\t<div class=\"elementor-widget-wrap elementor-element-populated\">\n\t\t\t\t\t\t<div class=\"elementor-element elementor-element-a3490ba elementor-widget__width-initial elementor-product-v1 elementor-widget elementor-widget-tbay-product-flash-sales\" data-id=\"a3490ba\" data-element_type=\"widget\" data-widget_type=\"tbay-product-flash-sales.default\">\n\t\t\t\t<div class=\"elementor-widget-container\">\n\t\t\t\r\n<div class=\"tbay-element tbay-element-product-flash-sales product-flash-sales deal-ended products\">\r\n\t<div class=\"top-flash-sale-wrapper\">\r\n    \t\t\t\t<h3 class=\"heading-tbay-title\">\r\n\t\t\t\t\t\t\t\t\t<span class=\"title\">Ofertas da Semana \ud83e\udd6c\ud83c\udf4d\ud83c\udf31<\/span>\r\n\t\t\t\t\t    \t\r\n\t\t\t\t\t\t\t\t\t<span class=\"subtitle\">Produtos incr\u00edveis em nosso estoque limitado. Aproveite essa oportunidade para experimentar nossos produtos de qualidade sem gastar muito\ud83d\udc47 \ud83d\udc69\u200d\ud83c\udf3e\ud83c\udf3e<\/span>\r\n\t\t\t\t\t\t\t<\/h3>\r\n\t\t \r\n                    <div class=\"flash-sales-date\">\r\n                                                <div class=\"date-title\">&nbsp;<\/div>\r\n                 \r\n             \r\n            <\/div> \r\n         \r\n        \t<\/div> \r\n\r\n    \r\n<\/div>\t\t<\/div>\n\t\t\t\t<\/div>\n\t\t\t\t\t<\/div>\n\t\t<\/div>\n\t\t\t\t\t<\/div>\n\t\t<\/section>\n\t\t\t\t<\/div>\n\t\t","protected":false},"excerpt":{"rendered":"<p>Ofertas da Semana \ud83e\udd6c\ud83c\udf4d\ud83c\udf31 Produtos incr\u00edveis em nosso estoque limitado. Aproveite essa oportunidade para experimentar nossos produtos de qualidade sem gastar muito\ud83d\udc47 \ud83d\udc69\u200d\ud83c\udf3e\ud83c\udf3e &nbsp; -33% Amora Fruta &#82;&#36;&nbsp;8,00 &ndash; &#82;&#36;&nbsp;30,00 Adicionar -33% Vendido: 217\/227 Coentro Ma\u00e7o &#82;&#36;&nbsp;6,00 O pre\u00e7o original era: &#082;&#036;&nbsp;6,00.&#82;&#36;&nbsp;4,00O pre\u00e7o atual \u00e9: &#082;&#036;&nbsp;4,00. Quantidade Adicionar Todos os Produtos<\/p>\n","protected":false},"author":1,"featured_media":0,"parent":0,"menu_order":0,"comment_status":"closed","ping_status":"closed","template":"","meta":{"footnotes":""},"class_list":["post-630","page","type-page","status-publish","hentry"],"_links":{"self":[{"href":"https:\/\/colonos.eco.br\/variedadesdositio\/wp-json\/wp\/v2\/pages\/630","targetHints":{"allow":["GET"]}}],"collection":[{"href":"https:\/\/colonos.eco.br\/variedadesdositio\/wp-json\/wp\/v2\/pages"}],"about":[{"href":"https:\/\/colonos.eco.br\/variedadesdositio\/wp-json\/wp\/v2\/types\/page"}],"author":[{"embeddable":true,"href":"https:\/\/colonos.eco.br\/variedadesdositio\/wp-json\/wp\/v2\/users\/1"}],"replies":[{"embeddable":true,"href":"https:\/\/colonos.eco.br\/variedadesdositio\/wp-json\/wp\/v2\/comments?post=630"}],"version-history":[{"count":69,"href":"https:\/\/colonos.eco.br\/variedadesdositio\/wp-json\/wp\/v2\/pages\/630\/revisions"}],"predecessor-version":[{"id":10057,"href":"https:\/\/colonos.eco.br\/variedadesdositio\/wp-json\/wp\/v2\/pages\/630\/revisions\/10057"}],"wp:attachment":[{"href":"https:\/\/colonos.eco.br\/variedadesdositio\/wp-json\/wp\/v2\/media?parent=630"}],"curies":[{"name":"wp","href":"https:\/\/api.w.org\/{rel}","templated":true}]}}