{"id":4823,"date":"2022-04-07T10:57:23","date_gmt":"2022-04-07T15:57:23","guid":{"rendered":"https:\/\/colonos.eco.br\/variedadesdositio\/produto\/abacate\/"},"modified":"2025-06-18T12:05:48","modified_gmt":"2025-06-18T17:05:48","slug":"abacate","status":"publish","type":"product","link":"https:\/\/colonos.eco.br\/variedadesdositio\/produto\/abacate\/","title":{"rendered":"Abacate"},"content":{"rendered":"<p>Descri\u00e7\u00e3o<br \/>\nO Abacate \u00e9 riqu\u00edssimo em gorduras e vitaminas. Al\u00e9m disso, tamb\u00e9m possui quantidades bastante significativas de antioxidantes e de subst\u00e2ncias pr\u00f3-anticianidinas, que auxiliam na redu\u00e7ao da oxida\u00e7\u00e3o das gorduras no sangue.<br \/>\nComo guardar<br \/>\nInteiro e um pouco maduro, o abacate pode ser guardado na geladeira por at\u00e9 tr\u00eas semanas. Caso j\u00e1 tenha partido a fruta, alguns truques ajudam na conserva\u00e7\u00e3o. Um deles \u00e9 guardar a metade com o caro\u00e7o.<br \/>\nCuriosidades<br \/>\nRa\u00edzs Sustent\u00e1veis \u00e9 a sele\u00e7\u00e3o de hortifr\u00fatis de qualidade superior, em sua maioria oriundos de pequenos produtores, que usam m\u00e9todos de plantio como agrofloresta, hidroponia, que est\u00e3o em transi\u00e7\u00e3o agroecol\u00f3gica ou em fase de certifica\u00e7\u00e3o org\u00e2nica. Aqui voc\u00ea vai encontrar produtos que valorizam a diversidade ambiental e a riqueza alimentar brasileira.<\/p>\n","protected":false},"excerpt":{"rendered":"<p>O abacate \u00e9 o fruto comest\u00edvel do abacateiro, uma fruta que aumenta a sensa\u00e7\u00e3o de saciedade, rico em vitaminas C, E e K, al\u00e9m de minerais como pot\u00e1ssio e magn\u00e9sio.<\/p>\n","protected":false},"featured_media":5753,"template":"","meta":[],"product_brand":[],"product_cat":[152],"product_tag":[166],"class_list":{"0":"post-4823","1":"product","2":"type-product","3":"status-publish","4":"has-post-thumbnail","6":"product_cat-polpas-frutas","7":"product_tag-fruta","9":"first","10":"instock","11":"shipping-taxable","12":"product-type-simple"},"_links":{"self":[{"href":"https:\/\/colonos.eco.br\/variedadesdositio\/wp-json\/wp\/v2\/product\/4823","targetHints":{"allow":["GET"]}}],"collection":[{"href":"https:\/\/colonos.eco.br\/variedadesdositio\/wp-json\/wp\/v2\/product"}],"about":[{"href":"https:\/\/colonos.eco.br\/variedadesdositio\/wp-json\/wp\/v2\/types\/product"}],"wp:featuredmedia":[{"embeddable":true,"href":"https:\/\/colonos.eco.br\/variedadesdositio\/wp-json\/wp\/v2\/media\/5753"}],"wp:attachment":[{"href":"https:\/\/colonos.eco.br\/variedadesdositio\/wp-json\/wp\/v2\/media?parent=4823"}],"wp:term":[{"taxonomy":"product_brand","embeddable":true,"href":"https:\/\/colonos.eco.br\/variedadesdositio\/wp-json\/wp\/v2\/product_brand?post=4823"},{"taxonomy":"product_cat","embeddable":true,"href":"https:\/\/colonos.eco.br\/variedadesdositio\/wp-json\/wp\/v2\/product_cat?post=4823"},{"taxonomy":"product_tag","embeddable":true,"href":"https:\/\/colonos.eco.br\/variedadesdositio\/wp-json\/wp\/v2\/product_tag?post=4823"}],"curies":[{"name":"wp","href":"https:\/\/api.w.org\/{rel}","templated":true}]}}