{"id":4835,"date":"2022-04-07T16:38:30","date_gmt":"2022-04-07T16:38:30","guid":{"rendered":"https:\/\/colonos.eco.br\/variedadesdositio\/?post_type=product&#038;p=4835"},"modified":"2025-06-18T12:05:48","modified_gmt":"2025-06-18T17:05:48","slug":"acafrao","status":"publish","type":"product","link":"https:\/\/colonos.eco.br\/variedadesdositio\/produto\/acafrao\/","title":{"rendered":"A\u00e7afr\u00e3o"},"content":{"rendered":"<p>A sua caracter\u00edstica principal \u00e9 a forte cor amarela que transfere aos alimentos. Usado para colorir latic\u00ednios, bebidas e mostarda, em cozidos, sopas, ensopados, molhos, peixes, pratos \u00e0 base de feij\u00e3o, receitas com ovos, maioneses, massas, frango, batatas, couve-flor e at\u00e9 p\u00e3es. Deve ser dissolvido em um caldo quente antes de ser incorporado a uma receita. \u00c9 um ingrediente essencial para acentuar o sabor e dar cor a muitos pratos da cozinha indiana, principalmente arroz.<\/p>\n","protected":false},"excerpt":{"rendered":"<p>O a\u00e7afr\u00e3o \u00e9 usado na culin\u00e1ria, mas tamb\u00e9m apresenta propriedades funcionais para o nosso organismo.<\/p>\n","protected":false},"featured_media":5760,"template":"","meta":[],"product_brand":[],"product_cat":[91],"product_tag":[87,93,154],"class_list":{"0":"post-4835","1":"product","2":"type-product","3":"status-publish","4":"has-post-thumbnail","6":"product_cat-ervas-temperos","7":"product_tag-natural","8":"product_tag-tempero","9":"product_tag-tuberculos","11":"first","12":"instock","13":"shipping-taxable","14":"product-type-variable","15":"has-default-attributes"},"_links":{"self":[{"href":"https:\/\/colonos.eco.br\/variedadesdositio\/wp-json\/wp\/v2\/product\/4835","targetHints":{"allow":["GET"]}}],"collection":[{"href":"https:\/\/colonos.eco.br\/variedadesdositio\/wp-json\/wp\/v2\/product"}],"about":[{"href":"https:\/\/colonos.eco.br\/variedadesdositio\/wp-json\/wp\/v2\/types\/product"}],"wp:featuredmedia":[{"embeddable":true,"href":"https:\/\/colonos.eco.br\/variedadesdositio\/wp-json\/wp\/v2\/media\/5760"}],"wp:attachment":[{"href":"https:\/\/colonos.eco.br\/variedadesdositio\/wp-json\/wp\/v2\/media?parent=4835"}],"wp:term":[{"taxonomy":"product_brand","embeddable":true,"href":"https:\/\/colonos.eco.br\/variedadesdositio\/wp-json\/wp\/v2\/product_brand?post=4835"},{"taxonomy":"product_cat","embeddable":true,"href":"https:\/\/colonos.eco.br\/variedadesdositio\/wp-json\/wp\/v2\/product_cat?post=4835"},{"taxonomy":"product_tag","embeddable":true,"href":"https:\/\/colonos.eco.br\/variedadesdositio\/wp-json\/wp\/v2\/product_tag?post=4835"}],"curies":[{"name":"wp","href":"https:\/\/api.w.org\/{rel}","templated":true}]}}