{"id":4836,"date":"2022-04-07T16:38:30","date_gmt":"2022-04-07T21:38:30","guid":{"rendered":"https:\/\/colonos.eco.br\/variedadesdositio\/produto\/abacaxi\/"},"modified":"2025-06-18T12:05:48","modified_gmt":"2025-06-18T17:05:48","slug":"abacaxi","status":"publish","type":"product","link":"https:\/\/colonos.eco.br\/variedadesdositio\/produto\/abacaxi\/","title":{"rendered":"Abacaxi"},"content":{"rendered":"<p>O abacaxi (ou Anan\u00e1s) \u00e9 uma fruta tropical muito apreciada por seu aroma e sabor adocicado. \u00c9 muito saborosa, pois cont\u00e9m uma s\u00e9rie de compostos em pequenas quantidades. Cont\u00e9m compostos bioativos, fibra alimentar, minerais, e nutrientes, e consumir abacaxi regularmente traz efeitos no sistema antioxidante do corpo, diminuindo o estresse oxidativo. Al\u00e9m disso, o abacaxi tem um alto teor de enzimas digestivas naturais e proteol\u00edticas, como a bromelina, que pode auxiliar na digest\u00e3o de carnes e outros alimentos.<\/p>\n","protected":false},"excerpt":{"rendered":"<p>O abacaxi (ou Anan\u00e1s) \u00e9 uma fruta tropical muito apreciada por seu aroma e sabor adocicado.<\/p>\n","protected":false},"featured_media":5756,"template":"","meta":[],"product_brand":[],"product_cat":[152],"product_tag":[166],"class_list":{"0":"post-4836","1":"product","2":"type-product","3":"status-publish","4":"has-post-thumbnail","6":"product_cat-polpas-frutas","7":"product_tag-fruta","9":"first","10":"instock","11":"shipping-taxable","12":"product-type-variable"},"_links":{"self":[{"href":"https:\/\/colonos.eco.br\/variedadesdositio\/wp-json\/wp\/v2\/product\/4836","targetHints":{"allow":["GET"]}}],"collection":[{"href":"https:\/\/colonos.eco.br\/variedadesdositio\/wp-json\/wp\/v2\/product"}],"about":[{"href":"https:\/\/colonos.eco.br\/variedadesdositio\/wp-json\/wp\/v2\/types\/product"}],"wp:featuredmedia":[{"embeddable":true,"href":"https:\/\/colonos.eco.br\/variedadesdositio\/wp-json\/wp\/v2\/media\/5756"}],"wp:attachment":[{"href":"https:\/\/colonos.eco.br\/variedadesdositio\/wp-json\/wp\/v2\/media?parent=4836"}],"wp:term":[{"taxonomy":"product_brand","embeddable":true,"href":"https:\/\/colonos.eco.br\/variedadesdositio\/wp-json\/wp\/v2\/product_brand?post=4836"},{"taxonomy":"product_cat","embeddable":true,"href":"https:\/\/colonos.eco.br\/variedadesdositio\/wp-json\/wp\/v2\/product_cat?post=4836"},{"taxonomy":"product_tag","embeddable":true,"href":"https:\/\/colonos.eco.br\/variedadesdositio\/wp-json\/wp\/v2\/product_tag?post=4836"}],"curies":[{"name":"wp","href":"https:\/\/api.w.org\/{rel}","templated":true}]}}