{"id":4856,"date":"2022-04-11T03:34:50","date_gmt":"2022-04-11T08:34:50","guid":{"rendered":"https:\/\/colonos.eco.br\/variedadesdositio\/produto\/agriao\/"},"modified":"2025-06-18T12:05:48","modified_gmt":"2025-06-18T17:05:48","slug":"agriao","status":"publish","type":"product","link":"https:\/\/colonos.eco.br\/variedadesdositio\/produto\/agriao\/","title":{"rendered":"Agri\u00e3o"},"content":{"rendered":"<p>O agri\u00e3o \u00e9 um verde escuro e denso, de origem mineral, origin\u00e1rio da \u00c1sia e da Europa, e \u00e9 cultivado em \u00e1guas de nascente naturais e riachos sinuosos e lentos. Tem um sabor ligeiramente apimentado e um equil\u00edbrio interessante de talos crocantes comest\u00edveis e folhas suaves. Este primo de couve \u00e9 conhecido h\u00e1 muito tempo como uma erva deliciosamente nutritiva e uma solu\u00e7\u00e3o natural para in\u00fameras doen\u00e7as \u2013 e voc\u00ea provavelmente est\u00e1 mais familiarizado com seu uso em sandu\u00edches, saladas e como um prato parcialmente cozido no vapor. Os Centros de Controle e Preven\u00e7\u00e3o de Doen\u00e7as categorizam o agri\u00e3o como um vegetal \u201cpowerhouse\u201d.<\/p>\n","protected":false},"excerpt":{"rendered":"<p>O Agri\u00e3o \u00e9 uma folha que traz benef\u00edcios para a sa\u00fade como prevenir anemia, reduzir a press\u00e3o arterial e manter a sa\u00fade dos olhos e da pele.<\/p>\n","protected":false},"featured_media":5080,"template":"","meta":[],"product_brand":[],"product_cat":[91],"product_tag":[167],"class_list":{"0":"post-4856","1":"product","2":"type-product","3":"status-publish","4":"has-post-thumbnail","6":"product_cat-ervas-temperos","7":"product_tag-folhas","9":"first","10":"instock","11":"shipping-taxable","12":"product-type-simple"},"_links":{"self":[{"href":"https:\/\/colonos.eco.br\/variedadesdositio\/wp-json\/wp\/v2\/product\/4856","targetHints":{"allow":["GET"]}}],"collection":[{"href":"https:\/\/colonos.eco.br\/variedadesdositio\/wp-json\/wp\/v2\/product"}],"about":[{"href":"https:\/\/colonos.eco.br\/variedadesdositio\/wp-json\/wp\/v2\/types\/product"}],"wp:featuredmedia":[{"embeddable":true,"href":"https:\/\/colonos.eco.br\/variedadesdositio\/wp-json\/wp\/v2\/media\/5080"}],"wp:attachment":[{"href":"https:\/\/colonos.eco.br\/variedadesdositio\/wp-json\/wp\/v2\/media?parent=4856"}],"wp:term":[{"taxonomy":"product_brand","embeddable":true,"href":"https:\/\/colonos.eco.br\/variedadesdositio\/wp-json\/wp\/v2\/product_brand?post=4856"},{"taxonomy":"product_cat","embeddable":true,"href":"https:\/\/colonos.eco.br\/variedadesdositio\/wp-json\/wp\/v2\/product_cat?post=4856"},{"taxonomy":"product_tag","embeddable":true,"href":"https:\/\/colonos.eco.br\/variedadesdositio\/wp-json\/wp\/v2\/product_tag?post=4856"}],"curies":[{"name":"wp","href":"https:\/\/api.w.org\/{rel}","templated":true}]}}