{"id":4857,"date":"2022-04-11T03:34:51","date_gmt":"2022-04-11T03:34:51","guid":{"rendered":"https:\/\/colonos.eco.br\/variedadesdositio\/produto\/alface-americana\/"},"modified":"2025-06-18T12:05:48","modified_gmt":"2025-06-18T17:05:48","slug":"alface-americana","status":"publish","type":"product","link":"https:\/\/colonos.eco.br\/variedadesdositio\/produto\/alface-americana\/","title":{"rendered":"Alface Americana"},"content":{"rendered":"<p>Alface (Lactuca sativa) \u00e9 uma hortense anual ou bienal, utilizada na alimenta\u00e7\u00e3o humana desde cerca de 500 a.C.. Origin\u00e1ria do Leste do Mediterr\u00e2neo, \u00e9 mundialmente cultivada para o consumo em saladas, com in\u00fameras variedades de folhas, cores, formas, tamanhos e texturas. O cultivo hidrop\u00f4nico da alface, no Brasil, teve um consider\u00e1vel aumento. Cultivo este que geralmente \u00e9 feito em casas de vegeta\u00e7\u00e3o de pl\u00e1sticos ou telados.<\/p>\n","protected":false},"excerpt":{"rendered":"<p>Alface Americana parece com o repolho, tem folhas robustas, organizadas em camadas, de cor verde clara, com formato arredondado e bordas onduladas e sinuosas.<\/p>\n","protected":false},"featured_media":7958,"template":"","meta":[],"product_brand":[],"product_cat":[153],"product_tag":[178,187],"class_list":{"0":"post-4857","1":"product","2":"type-product","3":"status-publish","4":"has-post-thumbnail","6":"product_cat-verduras-legumes","7":"product_tag-folha","8":"product_tag-salada","10":"first","11":"instock","12":"shipping-taxable","13":"product-type-simple"},"_links":{"self":[{"href":"https:\/\/colonos.eco.br\/variedadesdositio\/wp-json\/wp\/v2\/product\/4857","targetHints":{"allow":["GET"]}}],"collection":[{"href":"https:\/\/colonos.eco.br\/variedadesdositio\/wp-json\/wp\/v2\/product"}],"about":[{"href":"https:\/\/colonos.eco.br\/variedadesdositio\/wp-json\/wp\/v2\/types\/product"}],"wp:featuredmedia":[{"embeddable":true,"href":"https:\/\/colonos.eco.br\/variedadesdositio\/wp-json\/wp\/v2\/media\/7958"}],"wp:attachment":[{"href":"https:\/\/colonos.eco.br\/variedadesdositio\/wp-json\/wp\/v2\/media?parent=4857"}],"wp:term":[{"taxonomy":"product_brand","embeddable":true,"href":"https:\/\/colonos.eco.br\/variedadesdositio\/wp-json\/wp\/v2\/product_brand?post=4857"},{"taxonomy":"product_cat","embeddable":true,"href":"https:\/\/colonos.eco.br\/variedadesdositio\/wp-json\/wp\/v2\/product_cat?post=4857"},{"taxonomy":"product_tag","embeddable":true,"href":"https:\/\/colonos.eco.br\/variedadesdositio\/wp-json\/wp\/v2\/product_tag?post=4857"}],"curies":[{"name":"wp","href":"https:\/\/api.w.org\/{rel}","templated":true}]}}