{"id":4860,"date":"2022-04-11T03:34:51","date_gmt":"2022-04-11T03:34:51","guid":{"rendered":"https:\/\/colonos.eco.br\/variedadesdositio\/produto\/alfavaca\/"},"modified":"2025-06-18T12:05:48","modified_gmt":"2025-06-18T17:05:48","slug":"alfavaca","status":"publish","type":"product","link":"https:\/\/colonos.eco.br\/variedadesdositio\/produto\/alfavaca\/","title":{"rendered":"Alfavaca"},"content":{"rendered":"<p>Benef\u00edcios da alfavaca: planta \u00e9 rica em antioxidantes, vitaminas A, C, do complexo B, \u00f4mega 3 e minerais. Al\u00e9m de ser uma erva bem arom\u00e1tica &#8211; indicada para temperar massas e molhos &#8211; a alfavaca tamb\u00e9m se destaca por ser fonte de v\u00e1rios nutrientes importantes, como subst\u00e2ncias antioxidantes, vitaminas A, C e do complexo B, que fortalecem os sistemas imunol\u00f3gico, nervoso e cardiovascular.<\/p>\n","protected":false},"excerpt":{"rendered":"<p>Alfavaca rica em antioxidantes, vitaminas A, C, do complexo B, \u00f4mega 3 e minerais.<\/p>\n","protected":false},"featured_media":6170,"template":"","meta":[],"product_brand":[],"product_cat":[91],"product_tag":[167],"class_list":{"0":"post-4860","1":"product","2":"type-product","3":"status-publish","4":"has-post-thumbnail","6":"product_cat-ervas-temperos","7":"product_tag-folhas","9":"first","10":"instock","11":"shipping-taxable","12":"product-type-simple"},"_links":{"self":[{"href":"https:\/\/colonos.eco.br\/variedadesdositio\/wp-json\/wp\/v2\/product\/4860","targetHints":{"allow":["GET"]}}],"collection":[{"href":"https:\/\/colonos.eco.br\/variedadesdositio\/wp-json\/wp\/v2\/product"}],"about":[{"href":"https:\/\/colonos.eco.br\/variedadesdositio\/wp-json\/wp\/v2\/types\/product"}],"wp:featuredmedia":[{"embeddable":true,"href":"https:\/\/colonos.eco.br\/variedadesdositio\/wp-json\/wp\/v2\/media\/6170"}],"wp:attachment":[{"href":"https:\/\/colonos.eco.br\/variedadesdositio\/wp-json\/wp\/v2\/media?parent=4860"}],"wp:term":[{"taxonomy":"product_brand","embeddable":true,"href":"https:\/\/colonos.eco.br\/variedadesdositio\/wp-json\/wp\/v2\/product_brand?post=4860"},{"taxonomy":"product_cat","embeddable":true,"href":"https:\/\/colonos.eco.br\/variedadesdositio\/wp-json\/wp\/v2\/product_cat?post=4860"},{"taxonomy":"product_tag","embeddable":true,"href":"https:\/\/colonos.eco.br\/variedadesdositio\/wp-json\/wp\/v2\/product_tag?post=4860"}],"curies":[{"name":"wp","href":"https:\/\/api.w.org\/{rel}","templated":true}]}}