{"id":4862,"date":"2022-04-10T22:34:51","date_gmt":"2022-04-11T03:34:51","guid":{"rendered":"https:\/\/colonos.eco.br\/variedadesdositio\/produto\/amora\/"},"modified":"2025-06-18T12:05:49","modified_gmt":"2025-06-18T17:05:49","slug":"amora","status":"publish","type":"product","link":"https:\/\/colonos.eco.br\/variedadesdositio\/produto\/amora\/","title":{"rendered":"Amora Fruta"},"content":{"rendered":"<p>A amora \u00e9 fruto da amoreira silvestre ou silveira. A amora pode ser consumida fresca, em sobremesas ou em sucos.<\/p>\n","protected":false},"excerpt":{"rendered":"<p style=\"text-align: left\">A amora \u00e9 uma frutinha que recebe muitos cuidados durante o cultivo. Todo o manejo \u00e9 feito manualmente para que as delicadas amoras n\u00e3o sejam danificadas no processo. Muito usada em geleias e sobremesas.<\/p>\n","protected":false},"featured_media":7865,"template":"","meta":[],"product_brand":[],"product_cat":[152],"product_tag":[166],"class_list":{"0":"post-4862","1":"product","2":"type-product","3":"status-publish","4":"has-post-thumbnail","6":"product_cat-polpas-frutas","7":"product_tag-fruta","9":"first","10":"instock","11":"sale","12":"shipping-taxable","13":"purchasable","14":"product-type-variable","15":"has-default-attributes"},"_links":{"self":[{"href":"https:\/\/colonos.eco.br\/variedadesdositio\/wp-json\/wp\/v2\/product\/4862","targetHints":{"allow":["GET"]}}],"collection":[{"href":"https:\/\/colonos.eco.br\/variedadesdositio\/wp-json\/wp\/v2\/product"}],"about":[{"href":"https:\/\/colonos.eco.br\/variedadesdositio\/wp-json\/wp\/v2\/types\/product"}],"wp:featuredmedia":[{"embeddable":true,"href":"https:\/\/colonos.eco.br\/variedadesdositio\/wp-json\/wp\/v2\/media\/7865"}],"wp:attachment":[{"href":"https:\/\/colonos.eco.br\/variedadesdositio\/wp-json\/wp\/v2\/media?parent=4862"}],"wp:term":[{"taxonomy":"product_brand","embeddable":true,"href":"https:\/\/colonos.eco.br\/variedadesdositio\/wp-json\/wp\/v2\/product_brand?post=4862"},{"taxonomy":"product_cat","embeddable":true,"href":"https:\/\/colonos.eco.br\/variedadesdositio\/wp-json\/wp\/v2\/product_cat?post=4862"},{"taxonomy":"product_tag","embeddable":true,"href":"https:\/\/colonos.eco.br\/variedadesdositio\/wp-json\/wp\/v2\/product_tag?post=4862"}],"curies":[{"name":"wp","href":"https:\/\/api.w.org\/{rel}","templated":true}]}}