{"id":4863,"date":"2022-04-11T03:34:51","date_gmt":"2022-04-11T03:34:51","guid":{"rendered":"https:\/\/colonos.eco.br\/variedadesdositio\/produto\/araca-boi\/"},"modified":"2025-06-18T12:06:44","modified_gmt":"2025-06-18T17:06:44","slug":"araca-boi","status":"publish","type":"product","link":"https:\/\/colonos.eco.br\/variedadesdositio\/produto\/araca-boi\/","title":{"rendered":"Ara\u00e7\u00e1-boi"},"content":{"rendered":"<p>O ara\u00e7\u00e1-boi \u00e9 uma fruta amaz\u00f4nica que nasce em arbustos. Com cores v\u00edvidas em verde e muito amarela quando madura, \u00e9 muito apreciado na produ\u00e7\u00e3o de sucos. \u00c9 conhecida como \u201cfruto iogurte\u201d, e \u00e9 classificada com PANC (Plantas Aliment\u00edcias N\u00e3o Convencionais) pois n\u00e3o \u00e9 t\u00e3o comum no dia a dia do Brasileiro. Ela possui propriedades anticancer\u00edgenas; Fonte de cobre, ajuda a regular o metabolismo, principalmente na tireoide; Rico em vitamina C, apresenta cerca de 5 vezes mais a quantidade de vitamina C do que as outras frutas c\u00edtricas.<\/p>\n","protected":false},"excerpt":{"rendered":"<p>O ara\u00e7\u00e1-boi \u00e9 uma fruta amaz\u00f4nica que nasce em arbustos. Rico em vitamina C, apresenta cerca de 5 vezes mais a quantidade de vitamina C<\/p>\n","protected":false},"featured_media":7808,"template":"","meta":[],"product_brand":[],"product_cat":[152],"product_tag":[211,166],"class_list":{"0":"post-4863","1":"product","2":"type-product","3":"status-publish","4":"has-post-thumbnail","6":"product_cat-polpas-frutas","7":"product_tag-citrica","8":"product_tag-fruta","10":"first","11":"instock","12":"shipping-taxable","13":"product-type-simple"},"_links":{"self":[{"href":"https:\/\/colonos.eco.br\/variedadesdositio\/wp-json\/wp\/v2\/product\/4863","targetHints":{"allow":["GET"]}}],"collection":[{"href":"https:\/\/colonos.eco.br\/variedadesdositio\/wp-json\/wp\/v2\/product"}],"about":[{"href":"https:\/\/colonos.eco.br\/variedadesdositio\/wp-json\/wp\/v2\/types\/product"}],"wp:featuredmedia":[{"embeddable":true,"href":"https:\/\/colonos.eco.br\/variedadesdositio\/wp-json\/wp\/v2\/media\/7808"}],"wp:attachment":[{"href":"https:\/\/colonos.eco.br\/variedadesdositio\/wp-json\/wp\/v2\/media?parent=4863"}],"wp:term":[{"taxonomy":"product_brand","embeddable":true,"href":"https:\/\/colonos.eco.br\/variedadesdositio\/wp-json\/wp\/v2\/product_brand?post=4863"},{"taxonomy":"product_cat","embeddable":true,"href":"https:\/\/colonos.eco.br\/variedadesdositio\/wp-json\/wp\/v2\/product_cat?post=4863"},{"taxonomy":"product_tag","embeddable":true,"href":"https:\/\/colonos.eco.br\/variedadesdositio\/wp-json\/wp\/v2\/product_tag?post=4863"}],"curies":[{"name":"wp","href":"https:\/\/api.w.org\/{rel}","templated":true}]}}