{"id":4864,"date":"2022-04-11T03:34:51","date_gmt":"2022-04-11T03:34:51","guid":{"rendered":"https:\/\/colonos.eco.br\/variedadesdositio\/produto\/azedinha\/"},"modified":"2025-06-18T12:06:44","modified_gmt":"2025-06-18T17:06:44","slug":"azedinha","status":"publish","type":"product","link":"https:\/\/colonos.eco.br\/variedadesdositio\/produto\/azedinha\/","title":{"rendered":"Azedinha"},"content":{"rendered":"<p>A azedinha \u00e9 uma planta muito nutritiva que possui vitaminas, sais minerais e fibras. \u00c9 dotada de folhas com um agrad\u00e1vel e estimulante sabor \u00e1cido, que podem ser consumidas cruas ou cozidas, mas nunca em excesso, pois cont\u00e9m uma alta concentra\u00e7\u00e3o de \u00e1cido ox\u00e1lico. Apesar de n\u00e3o ser muito comum, as ra\u00edzes e flores da planta podem ser consumidas cozidas e as sementes s\u00e3o utilizadas para fazer farinha. O consumo da azedinha tamb\u00e9m pode ser feito de forma fresca, como em sucos e saladas diversas. Quando refogada, fica \u00f3tima em sopas, caldos e molhos.<\/p>\n","protected":false},"excerpt":{"rendered":"<p>A azedinha \u00e9 uma planta muito nutritiva que possui vitaminas, sais minerais e fibras.<\/p>\n","protected":false},"featured_media":6252,"template":"","meta":[],"product_brand":[],"product_cat":[153],"product_tag":[155,154],"class_list":{"0":"post-4864","1":"product","2":"type-product","3":"status-publish","4":"has-post-thumbnail","6":"product_cat-verduras-legumes","7":"product_tag-batata","8":"product_tag-tuberculos","10":"first","11":"instock","12":"shipping-taxable","13":"product-type-simple"},"_links":{"self":[{"href":"https:\/\/colonos.eco.br\/variedadesdositio\/wp-json\/wp\/v2\/product\/4864","targetHints":{"allow":["GET"]}}],"collection":[{"href":"https:\/\/colonos.eco.br\/variedadesdositio\/wp-json\/wp\/v2\/product"}],"about":[{"href":"https:\/\/colonos.eco.br\/variedadesdositio\/wp-json\/wp\/v2\/types\/product"}],"wp:featuredmedia":[{"embeddable":true,"href":"https:\/\/colonos.eco.br\/variedadesdositio\/wp-json\/wp\/v2\/media\/6252"}],"wp:attachment":[{"href":"https:\/\/colonos.eco.br\/variedadesdositio\/wp-json\/wp\/v2\/media?parent=4864"}],"wp:term":[{"taxonomy":"product_brand","embeddable":true,"href":"https:\/\/colonos.eco.br\/variedadesdositio\/wp-json\/wp\/v2\/product_brand?post=4864"},{"taxonomy":"product_cat","embeddable":true,"href":"https:\/\/colonos.eco.br\/variedadesdositio\/wp-json\/wp\/v2\/product_cat?post=4864"},{"taxonomy":"product_tag","embeddable":true,"href":"https:\/\/colonos.eco.br\/variedadesdositio\/wp-json\/wp\/v2\/product_tag?post=4864"}],"curies":[{"name":"wp","href":"https:\/\/api.w.org\/{rel}","templated":true}]}}