{"id":4865,"date":"2022-04-11T03:34:51","date_gmt":"2022-04-11T03:34:51","guid":{"rendered":"https:\/\/colonos.eco.br\/variedadesdositio\/produto\/bacuri\/"},"modified":"2025-06-18T12:06:45","modified_gmt":"2025-06-18T17:06:45","slug":"bacuri","status":"publish","type":"product","link":"https:\/\/colonos.eco.br\/variedadesdositio\/produto\/bacuri\/","title":{"rendered":"Bacuri"},"content":{"rendered":"<p>O bacuri \u00e9 uma das frutas mais populares da regi\u00e3o norte e tamb\u00e9m \u00e9 poss\u00edvel encontr\u00e1-la no Cerrado brasileiro. Com cor amarelo esverdeada, chama aten\u00e7\u00e3o pelos grandes cachos que forma nas \u00e1rvores. O bacuri tem um sabor muito refinado, dizem que lembra baunilha. A fruta \u00e9 uma excelente fonte de f\u00f3sforo, ferro e vitamina C, al\u00e9m de betacaroteno, um antioxidante que fortalece o sistema imunol\u00f3gico, prevenindo doen\u00e7as, e contribui para a sa\u00fade da pele.<\/p>\n","protected":false},"excerpt":{"rendered":"<p>O bacuri \u00e9 uma das frutas mais populares da regi\u00e3o norte. A fruta \u00e9 uma excelente fonte de f\u00f3sforo, ferro e vitamina C, al\u00e9m de betacaroteno, um antioxidante<\/p>\n","protected":false},"featured_media":5782,"template":"","meta":[],"product_brand":[],"product_cat":[152],"product_tag":[166],"class_list":{"0":"post-4865","1":"product","2":"type-product","3":"status-publish","4":"has-post-thumbnail","6":"product_cat-polpas-frutas","7":"product_tag-fruta","9":"first","10":"instock","11":"shipping-taxable","12":"product-type-simple"},"_links":{"self":[{"href":"https:\/\/colonos.eco.br\/variedadesdositio\/wp-json\/wp\/v2\/product\/4865","targetHints":{"allow":["GET"]}}],"collection":[{"href":"https:\/\/colonos.eco.br\/variedadesdositio\/wp-json\/wp\/v2\/product"}],"about":[{"href":"https:\/\/colonos.eco.br\/variedadesdositio\/wp-json\/wp\/v2\/types\/product"}],"wp:featuredmedia":[{"embeddable":true,"href":"https:\/\/colonos.eco.br\/variedadesdositio\/wp-json\/wp\/v2\/media\/5782"}],"wp:attachment":[{"href":"https:\/\/colonos.eco.br\/variedadesdositio\/wp-json\/wp\/v2\/media?parent=4865"}],"wp:term":[{"taxonomy":"product_brand","embeddable":true,"href":"https:\/\/colonos.eco.br\/variedadesdositio\/wp-json\/wp\/v2\/product_brand?post=4865"},{"taxonomy":"product_cat","embeddable":true,"href":"https:\/\/colonos.eco.br\/variedadesdositio\/wp-json\/wp\/v2\/product_cat?post=4865"},{"taxonomy":"product_tag","embeddable":true,"href":"https:\/\/colonos.eco.br\/variedadesdositio\/wp-json\/wp\/v2\/product_tag?post=4865"}],"curies":[{"name":"wp","href":"https:\/\/api.w.org\/{rel}","templated":true}]}}