{"id":4866,"date":"2022-04-11T03:34:52","date_gmt":"2022-04-11T03:34:52","guid":{"rendered":"https:\/\/colonos.eco.br\/variedadesdositio\/produto\/banana-comprida\/"},"modified":"2025-06-18T12:06:45","modified_gmt":"2025-06-18T17:06:45","slug":"banana-comprida","status":"publish","type":"product","link":"https:\/\/colonos.eco.br\/variedadesdositio\/produto\/banana-comprida\/","title":{"rendered":"Banana comprida"},"content":{"rendered":"<p>A banana-da-terra, banana-comprida, pacova ou chifre de boi (do grupo das Angiospermas, monocotiled\u00f4neas \u2013 fam\u00edlia das mus\u00e1ceas) \u00e9 uma variedade de banana de grande porte oriunda da \u00c1frica, chegando a aproximadamente 30 cm de comprimento (sendo a maior banana conhecida) e tem massa de aproximadamente 500 g cada fruto. Sua casca \u00e9 amarela escura, com manchas pretas quando madura; polpa rosada e macia. A banana-da-terra tem um dos lados plano, n\u00e3o \u00e9 t\u00e3o adocicada quanto os outros tipos de bananas e sua polpa tamb\u00e9m \u00e9 mais consistente (mais densa), contendo amidos n\u00e3o diger\u00edveis com facilidade, motivo para o qual nutricionistas n\u00e3o recomendam seu consumo cru e, portanto, ela \u00e9 principalmente cozida, frita ou assada antes de ser consumida (no Brasil seu consumo se d\u00e1 em maior escala na regi\u00e3o Centro-Oeste, mas tamb\u00e9m nas regi\u00f5es Norte e Nordeste).<\/p>\n","protected":false},"excerpt":{"rendered":"<p>A Banana da Terra \u00e9 rica em vitaminas e potencial redutora do stress.<\/p>\n","protected":false},"featured_media":5085,"template":"","meta":[],"product_brand":[],"product_cat":[152],"product_tag":[32,166],"class_list":{"0":"post-4866","1":"product","2":"type-product","3":"status-publish","4":"has-post-thumbnail","6":"product_cat-polpas-frutas","7":"product_tag-banana","8":"product_tag-fruta","10":"first","11":"instock","12":"shipping-taxable","13":"purchasable","14":"product-type-simple"},"_links":{"self":[{"href":"https:\/\/colonos.eco.br\/variedadesdositio\/wp-json\/wp\/v2\/product\/4866","targetHints":{"allow":["GET"]}}],"collection":[{"href":"https:\/\/colonos.eco.br\/variedadesdositio\/wp-json\/wp\/v2\/product"}],"about":[{"href":"https:\/\/colonos.eco.br\/variedadesdositio\/wp-json\/wp\/v2\/types\/product"}],"wp:featuredmedia":[{"embeddable":true,"href":"https:\/\/colonos.eco.br\/variedadesdositio\/wp-json\/wp\/v2\/media\/5085"}],"wp:attachment":[{"href":"https:\/\/colonos.eco.br\/variedadesdositio\/wp-json\/wp\/v2\/media?parent=4866"}],"wp:term":[{"taxonomy":"product_brand","embeddable":true,"href":"https:\/\/colonos.eco.br\/variedadesdositio\/wp-json\/wp\/v2\/product_brand?post=4866"},{"taxonomy":"product_cat","embeddable":true,"href":"https:\/\/colonos.eco.br\/variedadesdositio\/wp-json\/wp\/v2\/product_cat?post=4866"},{"taxonomy":"product_tag","embeddable":true,"href":"https:\/\/colonos.eco.br\/variedadesdositio\/wp-json\/wp\/v2\/product_tag?post=4866"}],"curies":[{"name":"wp","href":"https:\/\/api.w.org\/{rel}","templated":true}]}}