{"id":4870,"date":"2022-04-11T03:34:52","date_gmt":"2022-04-11T08:34:52","guid":{"rendered":"https:\/\/colonos.eco.br\/variedadesdositio\/produto\/banana-roxa\/"},"modified":"2025-06-18T12:06:45","modified_gmt":"2025-06-18T17:06:45","slug":"banana-roxa","status":"publish","type":"product","link":"https:\/\/colonos.eco.br\/variedadesdositio\/produto\/banana-roxa\/","title":{"rendered":"Banana Roxa"},"content":{"rendered":"<p>A banana roxa \u00e9 menor do que a banana tradicional e possui a casca na cor vermelha ou roxa. \u00c9 poss\u00edvel encontrar essa esp\u00e9cie tamb\u00e9m com casca amarela, mas \u00e9 mais rara. \u00c9 uma grande fonte de energia, porque possui onze minerais e seis vitaminas, e \u00e9 uma grande aliada de quem pratica esporte diariamente e precisa da reposi\u00e7\u00e3o dessas subst\u00e2ncias no organismo. A bananeira roxa \u00e9 uma planta herb\u00e1cea, com aproximadamente 3 metros de altura, que mant\u00e9m um curto ciclo de vida, iniciado com a muda ou rebento e terminado com a secagem das folhas ao final da matura\u00e7\u00e3o e queda dos frutos.<\/p>\n","protected":false},"excerpt":{"rendered":"<p>A banana roxa \u00e9 menor do que a banana tradicional e possui a casca na cor vermelha ou roxa. \u00c9 poss\u00edvel encontrar essa esp\u00e9cie tamb\u00e9m com casca amarela, mas \u00e9 mais rara. \u00c9 uma grande fonte de energia, porque possui onze minerais e seis vitaminas, e \u00e9 uma grande aliada de quem pratica esporte diariamente &hellip; <a href=\"https:\/\/colonos.eco.br\/variedadesdositio\/produto\/banana-roxa\/\" class=\"more-link\">Continue lendo <span class=\"screen-reader-text\">Banana Roxa<\/span><\/a><\/p>\n","protected":false},"featured_media":6968,"template":"","meta":[],"product_brand":[],"product_cat":[152],"product_tag":[32,166],"class_list":{"0":"post-4870","1":"product","2":"type-product","3":"status-publish","4":"has-post-thumbnail","6":"product_cat-polpas-frutas","7":"product_tag-banana","8":"product_tag-fruta","10":"first","11":"instock","12":"shipping-taxable","13":"product-type-simple"},"_links":{"self":[{"href":"https:\/\/colonos.eco.br\/variedadesdositio\/wp-json\/wp\/v2\/product\/4870","targetHints":{"allow":["GET"]}}],"collection":[{"href":"https:\/\/colonos.eco.br\/variedadesdositio\/wp-json\/wp\/v2\/product"}],"about":[{"href":"https:\/\/colonos.eco.br\/variedadesdositio\/wp-json\/wp\/v2\/types\/product"}],"wp:featuredmedia":[{"embeddable":true,"href":"https:\/\/colonos.eco.br\/variedadesdositio\/wp-json\/wp\/v2\/media\/6968"}],"wp:attachment":[{"href":"https:\/\/colonos.eco.br\/variedadesdositio\/wp-json\/wp\/v2\/media?parent=4870"}],"wp:term":[{"taxonomy":"product_brand","embeddable":true,"href":"https:\/\/colonos.eco.br\/variedadesdositio\/wp-json\/wp\/v2\/product_brand?post=4870"},{"taxonomy":"product_cat","embeddable":true,"href":"https:\/\/colonos.eco.br\/variedadesdositio\/wp-json\/wp\/v2\/product_cat?post=4870"},{"taxonomy":"product_tag","embeddable":true,"href":"https:\/\/colonos.eco.br\/variedadesdositio\/wp-json\/wp\/v2\/product_tag?post=4870"}],"curies":[{"name":"wp","href":"https:\/\/api.w.org\/{rel}","templated":true}]}}