{"id":4878,"date":"2022-04-11T03:34:54","date_gmt":"2022-04-11T03:34:54","guid":{"rendered":"https:\/\/colonos.eco.br\/variedadesdositio\/produto\/bertalha\/"},"modified":"2025-06-18T12:10:00","modified_gmt":"2025-06-18T17:10:00","slug":"bertalha","status":"publish","type":"product","link":"https:\/\/colonos.eco.br\/variedadesdositio\/produto\/bertalha\/","title":{"rendered":"Bertalha"},"content":{"rendered":"<p>Basella alba possui um r\u00e1pido crescimento, uma haste flex\u00edvel de videira, chegando a 10 metros de comprimento. Suas folhas s\u00e3o grossas, semi-suculentas, em formato de cora\u00e7\u00e3o, e tem um sabor suave e textura mucilaginosa. Cresce bem a pleno sol, em climas quentes e \u00famidos e em \u00e1reas inferiores a 500 metros acima do n\u00edvel do mar, nativa da \u00c1sia tropical.[2] Os frutos, extremamente escuros quando maduros, quando esmagados fornecem suco de colora\u00e7\u00e3o vermelha muito escura.<\/p>\n","protected":false},"excerpt":{"rendered":"<p>A bertalha \u00e9 pobre em calorias e gorduras, mas \u00e9 fonte de ferro, c\u00e1lcio, vitamina C e vitamina A.<\/p>\n","protected":false},"featured_media":5805,"template":"","meta":[],"product_brand":[],"product_cat":[153],"product_tag":[],"class_list":{"0":"post-4878","1":"product","2":"type-product","3":"status-publish","4":"has-post-thumbnail","6":"product_cat-verduras-legumes","8":"first","9":"instock","10":"shipping-taxable","11":"product-type-simple"},"_links":{"self":[{"href":"https:\/\/colonos.eco.br\/variedadesdositio\/wp-json\/wp\/v2\/product\/4878","targetHints":{"allow":["GET"]}}],"collection":[{"href":"https:\/\/colonos.eco.br\/variedadesdositio\/wp-json\/wp\/v2\/product"}],"about":[{"href":"https:\/\/colonos.eco.br\/variedadesdositio\/wp-json\/wp\/v2\/types\/product"}],"wp:featuredmedia":[{"embeddable":true,"href":"https:\/\/colonos.eco.br\/variedadesdositio\/wp-json\/wp\/v2\/media\/5805"}],"wp:attachment":[{"href":"https:\/\/colonos.eco.br\/variedadesdositio\/wp-json\/wp\/v2\/media?parent=4878"}],"wp:term":[{"taxonomy":"product_brand","embeddable":true,"href":"https:\/\/colonos.eco.br\/variedadesdositio\/wp-json\/wp\/v2\/product_brand?post=4878"},{"taxonomy":"product_cat","embeddable":true,"href":"https:\/\/colonos.eco.br\/variedadesdositio\/wp-json\/wp\/v2\/product_cat?post=4878"},{"taxonomy":"product_tag","embeddable":true,"href":"https:\/\/colonos.eco.br\/variedadesdositio\/wp-json\/wp\/v2\/product_tag?post=4878"}],"curies":[{"name":"wp","href":"https:\/\/api.w.org\/{rel}","templated":true}]}}