{"id":4879,"date":"2022-04-11T03:34:56","date_gmt":"2022-04-11T03:34:56","guid":{"rendered":"https:\/\/colonos.eco.br\/variedadesdositio\/produto\/boldo\/"},"modified":"2025-06-18T12:10:00","modified_gmt":"2025-06-18T17:10:00","slug":"boldo","status":"publish","type":"product","link":"https:\/\/colonos.eco.br\/variedadesdositio\/produto\/boldo\/","title":{"rendered":"Boldo"},"content":{"rendered":"<p>O boldo \u00e9 uma planta medicinal muito usada como rem\u00e9dio caseiro, especialmente para o f\u00edgado devido \u00e0s suas propriedades digestivas e hep\u00e1ticas. Al\u00e9m disso, tamb\u00e9m possui propriedades diur\u00e9ticas, anti-inflamat\u00f3rias e antioxidantes, que podem ajudar no tratamento e preven\u00e7\u00e3o de outros problemas, como gastrite, aterosclerose e c\u00e2ncer. As duas esp\u00e9cies de boldo mais utilizadas s\u00e3o o boldo do Chile, conhecido como boldo verdadeiro (Peumus boldus Molina), que pode ser encontrado em lojas de produtos naturais na forma de folhas secas, em sach\u00eas para ch\u00e1s ou em c\u00e1psulas; e o boldo brasileiro, boldo africano ou falso boldo (Plectranthus barbatus) que \u00e9 amplamente cultivado e encontrado em jardins no Brasil.<\/p>\n","protected":false},"excerpt":{"rendered":"<p>O boldo \u00e9 uma planta medicinal muito usada como rem\u00e9dio caseiro, especialmente para o f\u00edgado devido \u00e0s suas propriedades digestivas e hep\u00e1ticas.<\/p>\n","protected":false},"featured_media":7957,"template":"","meta":[],"product_brand":[],"product_cat":[91],"product_tag":[104],"class_list":{"0":"post-4879","1":"product","2":"type-product","3":"status-publish","4":"has-post-thumbnail","6":"product_cat-ervas-temperos","7":"product_tag-medicinal","9":"first","10":"instock","11":"shipping-taxable","12":"product-type-simple"},"_links":{"self":[{"href":"https:\/\/colonos.eco.br\/variedadesdositio\/wp-json\/wp\/v2\/product\/4879","targetHints":{"allow":["GET"]}}],"collection":[{"href":"https:\/\/colonos.eco.br\/variedadesdositio\/wp-json\/wp\/v2\/product"}],"about":[{"href":"https:\/\/colonos.eco.br\/variedadesdositio\/wp-json\/wp\/v2\/types\/product"}],"wp:featuredmedia":[{"embeddable":true,"href":"https:\/\/colonos.eco.br\/variedadesdositio\/wp-json\/wp\/v2\/media\/7957"}],"wp:attachment":[{"href":"https:\/\/colonos.eco.br\/variedadesdositio\/wp-json\/wp\/v2\/media?parent=4879"}],"wp:term":[{"taxonomy":"product_brand","embeddable":true,"href":"https:\/\/colonos.eco.br\/variedadesdositio\/wp-json\/wp\/v2\/product_brand?post=4879"},{"taxonomy":"product_cat","embeddable":true,"href":"https:\/\/colonos.eco.br\/variedadesdositio\/wp-json\/wp\/v2\/product_cat?post=4879"},{"taxonomy":"product_tag","embeddable":true,"href":"https:\/\/colonos.eco.br\/variedadesdositio\/wp-json\/wp\/v2\/product_tag?post=4879"}],"curies":[{"name":"wp","href":"https:\/\/api.w.org\/{rel}","templated":true}]}}