{"id":4880,"date":"2022-04-11T03:34:56","date_gmt":"2022-04-11T03:34:56","guid":{"rendered":"https:\/\/colonos.eco.br\/variedadesdositio\/produto\/bolo-de-banana\/"},"modified":"2025-06-18T12:10:00","modified_gmt":"2025-06-18T17:10:00","slug":"bolo-de-banana","status":"publish","type":"product","link":"https:\/\/colonos.eco.br\/variedadesdositio\/produto\/bolo-de-banana\/","title":{"rendered":"Bolo de Banana"},"content":{"rendered":"<p>Cont\u00e9m peda\u00e7os de banana, uma fruta t\u00edpica e muito consumida em todo o pa\u00eds; Sabor e aroma diferenciados; &#8211; Equil\u00edbrio perfeito entre maciez e umidade; &#8211; Bolo leve e saboroso, ideal para o caf\u00e9 da manh\u00e3 ou ch\u00e1 da tarde; &#8211; O sabor vers\u00e1til da banana possibilita diversas combina\u00e7\u00f5es de ingredientes, como goiabada, chocolate, castanhas, nozes, aveia, ma\u00e7\u00e3 e caramelo; &#8211; Pode ser comercializado em diversos formatos, como monopor\u00e7\u00f5es, bolos redondos, tabuleiros e tiras.<\/p>\n","protected":false},"excerpt":{"rendered":"<p>Cont\u00e9m peda\u00e7os de banana, uma fruta t\u00edpica e muito consumida em todo o pa\u00eds;<\/p>\n","protected":false},"featured_media":5807,"template":"","meta":[],"product_brand":[],"product_cat":[156],"product_tag":[32,106],"class_list":{"0":"post-4880","1":"product","2":"type-product","3":"status-publish","4":"has-post-thumbnail","6":"product_cat-bolos-doces","7":"product_tag-banana","8":"product_tag-bolo","10":"first","11":"instock","12":"shipping-taxable","13":"product-type-simple"},"_links":{"self":[{"href":"https:\/\/colonos.eco.br\/variedadesdositio\/wp-json\/wp\/v2\/product\/4880","targetHints":{"allow":["GET"]}}],"collection":[{"href":"https:\/\/colonos.eco.br\/variedadesdositio\/wp-json\/wp\/v2\/product"}],"about":[{"href":"https:\/\/colonos.eco.br\/variedadesdositio\/wp-json\/wp\/v2\/types\/product"}],"wp:featuredmedia":[{"embeddable":true,"href":"https:\/\/colonos.eco.br\/variedadesdositio\/wp-json\/wp\/v2\/media\/5807"}],"wp:attachment":[{"href":"https:\/\/colonos.eco.br\/variedadesdositio\/wp-json\/wp\/v2\/media?parent=4880"}],"wp:term":[{"taxonomy":"product_brand","embeddable":true,"href":"https:\/\/colonos.eco.br\/variedadesdositio\/wp-json\/wp\/v2\/product_brand?post=4880"},{"taxonomy":"product_cat","embeddable":true,"href":"https:\/\/colonos.eco.br\/variedadesdositio\/wp-json\/wp\/v2\/product_cat?post=4880"},{"taxonomy":"product_tag","embeddable":true,"href":"https:\/\/colonos.eco.br\/variedadesdositio\/wp-json\/wp\/v2\/product_tag?post=4880"}],"curies":[{"name":"wp","href":"https:\/\/api.w.org\/{rel}","templated":true}]}}