{"id":4881,"date":"2022-04-11T03:34:56","date_gmt":"2022-04-11T03:34:56","guid":{"rendered":"https:\/\/colonos.eco.br\/variedadesdositio\/produto\/bolo-de-limao\/"},"modified":"2025-06-18T12:10:00","modified_gmt":"2025-06-18T17:10:00","slug":"bolo-de-limao","status":"publish","type":"product","link":"https:\/\/colonos.eco.br\/variedadesdositio\/produto\/bolo-de-limao\/","title":{"rendered":"Bolo de lim\u00e3o"},"content":{"rendered":"<p>O bolo de lim\u00e3o \u00e9 um doce que pode ser feito na sua vers\u00e3o simples, \u00f3timo para acompanhar aquele caf\u00e9 quentinho no fim da tarde, mas tamb\u00e9m pode ganhar v\u00e1rias combina\u00e7\u00f5es e sabores, sendo uma \u00f3tima op\u00e7\u00e3o para ser servido como sobremesa ap\u00f3s uma refei\u00e7\u00e3o, ou at\u00e9 mesmo em uma festinha. Com outras frutas, recheado, com coberturas, na vers\u00e3o naked, sem gl\u00faten ou lactose e at\u00e9 mesmo vegano, o sabor do lim\u00e3o pode conquistar diferentes paladares. Basta escolher a receita com os ingredientes que mais combinam quem vai saborear essa del\u00edcia.<\/p>\n","protected":false},"excerpt":{"rendered":"<p>O bolo de lim\u00e3o \u00e9 um doce que pode ser feito na sua vers\u00e3o simples, \u00f3timo para acompanhar aquele caf\u00e9 quentinho.<\/p>\n","protected":false},"featured_media":5810,"template":"","meta":[],"product_brand":[],"product_cat":[156],"product_tag":[106,109],"class_list":{"0":"post-4881","1":"product","2":"type-product","3":"status-publish","4":"has-post-thumbnail","6":"product_cat-bolos-doces","7":"product_tag-bolo","8":"product_tag-limao","10":"first","11":"instock","12":"shipping-taxable","13":"product-type-simple"},"_links":{"self":[{"href":"https:\/\/colonos.eco.br\/variedadesdositio\/wp-json\/wp\/v2\/product\/4881","targetHints":{"allow":["GET"]}}],"collection":[{"href":"https:\/\/colonos.eco.br\/variedadesdositio\/wp-json\/wp\/v2\/product"}],"about":[{"href":"https:\/\/colonos.eco.br\/variedadesdositio\/wp-json\/wp\/v2\/types\/product"}],"wp:featuredmedia":[{"embeddable":true,"href":"https:\/\/colonos.eco.br\/variedadesdositio\/wp-json\/wp\/v2\/media\/5810"}],"wp:attachment":[{"href":"https:\/\/colonos.eco.br\/variedadesdositio\/wp-json\/wp\/v2\/media?parent=4881"}],"wp:term":[{"taxonomy":"product_brand","embeddable":true,"href":"https:\/\/colonos.eco.br\/variedadesdositio\/wp-json\/wp\/v2\/product_brand?post=4881"},{"taxonomy":"product_cat","embeddable":true,"href":"https:\/\/colonos.eco.br\/variedadesdositio\/wp-json\/wp\/v2\/product_cat?post=4881"},{"taxonomy":"product_tag","embeddable":true,"href":"https:\/\/colonos.eco.br\/variedadesdositio\/wp-json\/wp\/v2\/product_tag?post=4881"}],"curies":[{"name":"wp","href":"https:\/\/api.w.org\/{rel}","templated":true}]}}