{"id":4882,"date":"2022-04-11T03:34:56","date_gmt":"2022-04-11T03:34:56","guid":{"rendered":"https:\/\/colonos.eco.br\/variedadesdositio\/produto\/buriti\/"},"modified":"2025-06-18T12:10:01","modified_gmt":"2025-06-18T17:10:01","slug":"buriti","status":"publish","type":"product","link":"https:\/\/colonos.eco.br\/variedadesdositio\/produto\/buriti\/","title":{"rendered":"Buriti"},"content":{"rendered":"<p>O buriti ou miriti (nome cientifico: Mauritia flexuosa) \u00e9 uma planta de ampla distribui\u00e7\u00e3o no territ\u00f3rio nacional. Pode alcan\u00e7ar at\u00e9 30 metros de altura e ter um caule com espessura de at\u00e9 50 cm de di\u00e2metro. A esp\u00e9cie habita terrenos alag\u00e1veis e brejos de v\u00e1rias forma\u00e7\u00f5es, sendo encontrada com muita freq\u00fc\u00eancia nas veredas, importante fitofisionomia do Cerrado. O buriti floresce quase o ano inteiro, mas principalmente nos meses de abril a agosto. A produ\u00e7\u00e3o de frutos \u00e9 intensa: segundo dados da Embrapa, s\u00e3o produzidos cinco a sete cachos por ano, cada um destes com 400 a 500 frutos.<\/p>\n","protected":false},"excerpt":{"rendered":"<p>O fruto do buriti \u00e9 rico em vitamina C e \u00e9 um alimento energ\u00e9tico.<\/p>\n","protected":false},"featured_media":5816,"template":"","meta":[],"product_brand":[],"product_cat":[152],"product_tag":[166],"class_list":{"0":"post-4882","1":"product","2":"type-product","3":"status-publish","4":"has-post-thumbnail","6":"product_cat-polpas-frutas","7":"product_tag-fruta","9":"first","10":"instock","11":"shipping-taxable","12":"product-type-simple"},"_links":{"self":[{"href":"https:\/\/colonos.eco.br\/variedadesdositio\/wp-json\/wp\/v2\/product\/4882","targetHints":{"allow":["GET"]}}],"collection":[{"href":"https:\/\/colonos.eco.br\/variedadesdositio\/wp-json\/wp\/v2\/product"}],"about":[{"href":"https:\/\/colonos.eco.br\/variedadesdositio\/wp-json\/wp\/v2\/types\/product"}],"wp:featuredmedia":[{"embeddable":true,"href":"https:\/\/colonos.eco.br\/variedadesdositio\/wp-json\/wp\/v2\/media\/5816"}],"wp:attachment":[{"href":"https:\/\/colonos.eco.br\/variedadesdositio\/wp-json\/wp\/v2\/media?parent=4882"}],"wp:term":[{"taxonomy":"product_brand","embeddable":true,"href":"https:\/\/colonos.eco.br\/variedadesdositio\/wp-json\/wp\/v2\/product_brand?post=4882"},{"taxonomy":"product_cat","embeddable":true,"href":"https:\/\/colonos.eco.br\/variedadesdositio\/wp-json\/wp\/v2\/product_cat?post=4882"},{"taxonomy":"product_tag","embeddable":true,"href":"https:\/\/colonos.eco.br\/variedadesdositio\/wp-json\/wp\/v2\/product_tag?post=4882"}],"curies":[{"name":"wp","href":"https:\/\/api.w.org\/{rel}","templated":true}]}}