{"id":4886,"date":"2022-04-11T03:53:42","date_gmt":"2022-04-11T03:53:42","guid":{"rendered":"https:\/\/colonos.eco.br\/variedadesdositio\/?post_type=product&#038;p=4886"},"modified":"2025-06-18T12:10:42","modified_gmt":"2025-06-18T17:10:42","slug":"coco","status":"publish","type":"product","link":"https:\/\/colonos.eco.br\/variedadesdositio\/produto\/coco\/","title":{"rendered":"Coco"},"content":{"rendered":"<p>O coco verde e o seco s\u00e3o o mesmo fruto, mas est\u00e3o em est\u00e1gios diferentes de matura\u00e7\u00e3o. Existe tamb\u00e9m uma grande discrep\u00e2ncia nos valores cal\u00f3ricos dos dois: 50 gramas do coco verde tem 35 calorias, j\u00e1 o seco 195 calorias<\/p>\n","protected":false},"excerpt":{"rendered":"<p>O coco \u00e9 um dos frutos tropicais mais completos, \u00e9 considerado um mix natural de prote\u00ednas, gorduras, calorias, carboidratos, vitamina A e B e sais minerais como o pot\u00e1ssio e magn\u00e9sio<\/p>\n","protected":false},"featured_media":5856,"template":"","meta":[],"product_brand":[],"product_cat":[152],"product_tag":[166],"class_list":{"0":"post-4886","1":"product","2":"type-product","3":"status-publish","4":"has-post-thumbnail","6":"product_cat-polpas-frutas","7":"product_tag-fruta","9":"first","10":"instock","11":"shipping-taxable","12":"product-type-variable"},"_links":{"self":[{"href":"https:\/\/colonos.eco.br\/variedadesdositio\/wp-json\/wp\/v2\/product\/4886","targetHints":{"allow":["GET"]}}],"collection":[{"href":"https:\/\/colonos.eco.br\/variedadesdositio\/wp-json\/wp\/v2\/product"}],"about":[{"href":"https:\/\/colonos.eco.br\/variedadesdositio\/wp-json\/wp\/v2\/types\/product"}],"wp:featuredmedia":[{"embeddable":true,"href":"https:\/\/colonos.eco.br\/variedadesdositio\/wp-json\/wp\/v2\/media\/5856"}],"wp:attachment":[{"href":"https:\/\/colonos.eco.br\/variedadesdositio\/wp-json\/wp\/v2\/media?parent=4886"}],"wp:term":[{"taxonomy":"product_brand","embeddable":true,"href":"https:\/\/colonos.eco.br\/variedadesdositio\/wp-json\/wp\/v2\/product_brand?post=4886"},{"taxonomy":"product_cat","embeddable":true,"href":"https:\/\/colonos.eco.br\/variedadesdositio\/wp-json\/wp\/v2\/product_cat?post=4886"},{"taxonomy":"product_tag","embeddable":true,"href":"https:\/\/colonos.eco.br\/variedadesdositio\/wp-json\/wp\/v2\/product_tag?post=4886"}],"curies":[{"name":"wp","href":"https:\/\/api.w.org\/{rel}","templated":true}]}}