{"id":4887,"date":"2022-04-10T22:53:42","date_gmt":"2022-04-11T03:53:42","guid":{"rendered":"https:\/\/colonos.eco.br\/variedadesdositio\/produto\/cacau\/"},"modified":"2025-06-18T12:10:01","modified_gmt":"2025-06-18T17:10:01","slug":"cacau","status":"publish","type":"product","link":"https:\/\/colonos.eco.br\/variedadesdositio\/produto\/cacau\/","title":{"rendered":"Cacau"},"content":{"rendered":"<p>O cacau \u00e9 uma fruta origin\u00e1ria da bacia do rio Amazonas, no ambiente florestal sem poda humana, sua \u00e1rvore pode alcan\u00e7ar at\u00e9 20 metros de altura. O cacau \u00e9 a principal mat\u00e9ria prima do chocolate. Rico em flavonoides como epicatequinas e catequinas, principalmente, tamb\u00e9m \u00e9 rico em antioxidantes e, por isso, o seu consumo pode ter diversos benef\u00edcios para a sa\u00fade como melhorar o humor, o fluxo sangu\u00edneo e regular o a\u00e7\u00facar no sangue. Al\u00e9m de ser antioxidante, o cacau tamb\u00e9m \u00e9 anti-inflamat\u00f3rio e protetor do sistema cardiovascular.<\/p>\n","protected":false},"excerpt":{"rendered":"<p>O cacau \u00e9 uma fruta rica em flavonoides como epicatequinas e catequinas, principalmente, tamb\u00e9m \u00e9 rico em antioxidantes<\/p>\n","protected":false},"featured_media":5817,"template":"","meta":[],"product_brand":[],"product_cat":[152],"product_tag":[166],"class_list":{"0":"post-4887","1":"product","2":"type-product","3":"status-publish","4":"has-post-thumbnail","6":"product_cat-polpas-frutas","7":"product_tag-fruta","9":"first","10":"instock","11":"featured","12":"shipping-taxable","13":"product-type-variable"},"_links":{"self":[{"href":"https:\/\/colonos.eco.br\/variedadesdositio\/wp-json\/wp\/v2\/product\/4887","targetHints":{"allow":["GET"]}}],"collection":[{"href":"https:\/\/colonos.eco.br\/variedadesdositio\/wp-json\/wp\/v2\/product"}],"about":[{"href":"https:\/\/colonos.eco.br\/variedadesdositio\/wp-json\/wp\/v2\/types\/product"}],"wp:featuredmedia":[{"embeddable":true,"href":"https:\/\/colonos.eco.br\/variedadesdositio\/wp-json\/wp\/v2\/media\/5817"}],"wp:attachment":[{"href":"https:\/\/colonos.eco.br\/variedadesdositio\/wp-json\/wp\/v2\/media?parent=4887"}],"wp:term":[{"taxonomy":"product_brand","embeddable":true,"href":"https:\/\/colonos.eco.br\/variedadesdositio\/wp-json\/wp\/v2\/product_brand?post=4887"},{"taxonomy":"product_cat","embeddable":true,"href":"https:\/\/colonos.eco.br\/variedadesdositio\/wp-json\/wp\/v2\/product_cat?post=4887"},{"taxonomy":"product_tag","embeddable":true,"href":"https:\/\/colonos.eco.br\/variedadesdositio\/wp-json\/wp\/v2\/product_tag?post=4887"}],"curies":[{"name":"wp","href":"https:\/\/api.w.org\/{rel}","templated":true}]}}