{"id":4889,"date":"2022-04-10T22:53:43","date_gmt":"2022-04-11T03:53:43","guid":{"rendered":"https:\/\/colonos.eco.br\/variedadesdositio\/produto\/caja\/"},"modified":"2025-06-18T12:10:01","modified_gmt":"2025-06-18T17:10:01","slug":"caja","status":"publish","type":"product","link":"https:\/\/colonos.eco.br\/variedadesdositio\/produto\/caja\/","title":{"rendered":"Caj\u00e1 Fruta"},"content":{"rendered":"<p>O caj\u00e1 \u00e9 fruto da cajazeira, que est\u00e1 presente em v\u00e1rios estados brasileiros, especialmente nos das regi\u00f5es Norte e Nordeste, \u00e9 uma frutinha ex\u00f3tica de sabor marcante, dela se fazem sucos, doces e sorvetes. Dentre suas principais virtudes nutricionais, o caj\u00e1 \u00e9 respons\u00e1vel por fornecer quantidades incr\u00edveis de fibras alimentares, que ajudam no bom funcionamento do intestino, vitamina C, respons\u00e1vel por melhorar o nosso sistema imunol\u00f3gico, e minerais como ferro, c\u00e1lcio e f\u00f3sforo, que fortalecem a nossa sa\u00fade \u00f3ssea, prevenindo doen\u00e7as como a osteoporose.<\/p>\n","protected":false},"excerpt":{"rendered":"<p>O caj\u00e1 \u00e9 respons\u00e1vel por fornecer quantidades incr\u00edveis de fibras alimentares, que ajudam no bom funcionamento do intestino, vitamina C.<\/p>\n","protected":false},"featured_media":5821,"template":"","meta":[],"product_brand":[],"product_cat":[152],"product_tag":[166],"class_list":{"0":"post-4889","1":"product","2":"type-product","3":"status-publish","4":"has-post-thumbnail","6":"product_cat-polpas-frutas","7":"product_tag-fruta","9":"first","10":"instock","11":"shipping-taxable","12":"product-type-simple"},"_links":{"self":[{"href":"https:\/\/colonos.eco.br\/variedadesdositio\/wp-json\/wp\/v2\/product\/4889","targetHints":{"allow":["GET"]}}],"collection":[{"href":"https:\/\/colonos.eco.br\/variedadesdositio\/wp-json\/wp\/v2\/product"}],"about":[{"href":"https:\/\/colonos.eco.br\/variedadesdositio\/wp-json\/wp\/v2\/types\/product"}],"wp:featuredmedia":[{"embeddable":true,"href":"https:\/\/colonos.eco.br\/variedadesdositio\/wp-json\/wp\/v2\/media\/5821"}],"wp:attachment":[{"href":"https:\/\/colonos.eco.br\/variedadesdositio\/wp-json\/wp\/v2\/media?parent=4889"}],"wp:term":[{"taxonomy":"product_brand","embeddable":true,"href":"https:\/\/colonos.eco.br\/variedadesdositio\/wp-json\/wp\/v2\/product_brand?post=4889"},{"taxonomy":"product_cat","embeddable":true,"href":"https:\/\/colonos.eco.br\/variedadesdositio\/wp-json\/wp\/v2\/product_cat?post=4889"},{"taxonomy":"product_tag","embeddable":true,"href":"https:\/\/colonos.eco.br\/variedadesdositio\/wp-json\/wp\/v2\/product_tag?post=4889"}],"curies":[{"name":"wp","href":"https:\/\/api.w.org\/{rel}","templated":true}]}}