{"id":4890,"date":"2022-04-11T03:53:43","date_gmt":"2022-04-11T03:53:43","guid":{"rendered":"https:\/\/colonos.eco.br\/variedadesdositio\/produto\/cajarana\/"},"modified":"2025-06-18T12:10:01","modified_gmt":"2025-06-18T17:10:01","slug":"cajarana","status":"publish","type":"product","link":"https:\/\/colonos.eco.br\/variedadesdositio\/produto\/cajarana\/","title":{"rendered":"Cajarana"},"content":{"rendered":"<p>A Cajarana \u00e9 um fruto de casca lisa e fina, que possui colora\u00e7\u00e3o amarela brilhante, muito arom\u00e1tico e de polpa suculenta, de sabor agridoce e \u00e1cido quando maduro, com endocarpo revestido de espinhos (macios) irregulares. \u00c9 encontrada em abund\u00e2ncia no Acre, e suas \u00e1rvores s\u00e3o majestosas. \u00c9 da mesma fam\u00edlia do caj\u00e1, mas de sabor muito mais \u00e1cido. Por\u00e9m tamb\u00e9m se produz doces, sorvetes e sucos. A cajarana pode ajudar a emagrecer, pois tem poucas calorias; Melhorar a sa\u00fade da pele e dos olhos por ter vitamina A; Combater as doen\u00e7as cardiovasculares por ter antioxidantes. Al\u00e9m disso, ajuda tamb\u00e9m a aliviar a pris\u00e3o de ventre, principalmente a variedade de caj\u00e1-manga.<\/p>\n","protected":false},"excerpt":{"rendered":"<p>A Cajarana \u00e9 um fruto Melhorar a sa\u00fade da pele e dos olhos por ter vitamina A.<\/p>\n","protected":false},"featured_media":5823,"template":"","meta":[],"product_brand":[],"product_cat":[152],"product_tag":[166],"class_list":{"0":"post-4890","1":"product","2":"type-product","3":"status-publish","4":"has-post-thumbnail","6":"product_cat-polpas-frutas","7":"product_tag-fruta","9":"first","10":"instock","11":"shipping-taxable","12":"product-type-simple"},"_links":{"self":[{"href":"https:\/\/colonos.eco.br\/variedadesdositio\/wp-json\/wp\/v2\/product\/4890","targetHints":{"allow":["GET"]}}],"collection":[{"href":"https:\/\/colonos.eco.br\/variedadesdositio\/wp-json\/wp\/v2\/product"}],"about":[{"href":"https:\/\/colonos.eco.br\/variedadesdositio\/wp-json\/wp\/v2\/types\/product"}],"wp:featuredmedia":[{"embeddable":true,"href":"https:\/\/colonos.eco.br\/variedadesdositio\/wp-json\/wp\/v2\/media\/5823"}],"wp:attachment":[{"href":"https:\/\/colonos.eco.br\/variedadesdositio\/wp-json\/wp\/v2\/media?parent=4890"}],"wp:term":[{"taxonomy":"product_brand","embeddable":true,"href":"https:\/\/colonos.eco.br\/variedadesdositio\/wp-json\/wp\/v2\/product_brand?post=4890"},{"taxonomy":"product_cat","embeddable":true,"href":"https:\/\/colonos.eco.br\/variedadesdositio\/wp-json\/wp\/v2\/product_cat?post=4890"},{"taxonomy":"product_tag","embeddable":true,"href":"https:\/\/colonos.eco.br\/variedadesdositio\/wp-json\/wp\/v2\/product_tag?post=4890"}],"curies":[{"name":"wp","href":"https:\/\/api.w.org\/{rel}","templated":true}]}}