{"id":4892,"date":"2022-04-10T22:53:43","date_gmt":"2022-04-11T03:53:43","guid":{"rendered":"https:\/\/colonos.eco.br\/variedadesdositio\/produto\/camu-camu\/"},"modified":"2025-06-18T12:10:01","modified_gmt":"2025-06-18T17:10:01","slug":"camu-camu","status":"publish","type":"product","link":"https:\/\/colonos.eco.br\/variedadesdositio\/produto\/camu-camu\/","title":{"rendered":"Camu-camu Fruto"},"content":{"rendered":"<p>Camu-camu, tamb\u00e9m chamada de &#8220;camucamu&#8221;, &#8220;ca\u00e7ari&#8221;, &#8220;ara\u00e7\u00e1-d&#8217;\u00e1gua&#8221;, ou ainda &#8220;camocamo&#8221;, \u00e9 uma \u00e1rvore frut\u00edfera da Amaz\u00f4nia. Vermelhinho como cereja, o camu-camu \u00e9 azedinho e tem um aroma agrad\u00e1vel. O o teor de vitamina C desta fruta \u00e9 mais alto do que qualquer outra fonte natural. Embora pouco conhecida, o camu-camu \u00e9 rico em antioxidantes e proporciona benef\u00edcios poderosos para quem o consome. Os efeitos ben\u00e9ficos do camu-camu incluem a\u00e7\u00e3o anti-inflamat\u00f3ria, antiobesidade, hipolipid\u00eamica, anti-hipertensiva e antidiab\u00e9tica e de combate ao envelhecimento precoce, al\u00e9m de proteger contra danos ao DNA e contra diversos tipos de c\u00e2ncer.<\/p>\n","protected":false},"excerpt":{"rendered":"<p>Camu-camu \u00e9 rico em antioxidantes e proporciona benef\u00edcios poderosos para quem o consome.<\/p>\n","protected":false},"featured_media":7878,"template":"","meta":[],"product_brand":[],"product_cat":[152],"product_tag":[166],"class_list":{"0":"post-4892","1":"product","2":"type-product","3":"status-publish","4":"has-post-thumbnail","6":"product_cat-polpas-frutas","7":"product_tag-fruta","9":"first","10":"instock","11":"shipping-taxable","12":"product-type-simple"},"_links":{"self":[{"href":"https:\/\/colonos.eco.br\/variedadesdositio\/wp-json\/wp\/v2\/product\/4892","targetHints":{"allow":["GET"]}}],"collection":[{"href":"https:\/\/colonos.eco.br\/variedadesdositio\/wp-json\/wp\/v2\/product"}],"about":[{"href":"https:\/\/colonos.eco.br\/variedadesdositio\/wp-json\/wp\/v2\/types\/product"}],"wp:featuredmedia":[{"embeddable":true,"href":"https:\/\/colonos.eco.br\/variedadesdositio\/wp-json\/wp\/v2\/media\/7878"}],"wp:attachment":[{"href":"https:\/\/colonos.eco.br\/variedadesdositio\/wp-json\/wp\/v2\/media?parent=4892"}],"wp:term":[{"taxonomy":"product_brand","embeddable":true,"href":"https:\/\/colonos.eco.br\/variedadesdositio\/wp-json\/wp\/v2\/product_brand?post=4892"},{"taxonomy":"product_cat","embeddable":true,"href":"https:\/\/colonos.eco.br\/variedadesdositio\/wp-json\/wp\/v2\/product_cat?post=4892"},{"taxonomy":"product_tag","embeddable":true,"href":"https:\/\/colonos.eco.br\/variedadesdositio\/wp-json\/wp\/v2\/product_tag?post=4892"}],"curies":[{"name":"wp","href":"https:\/\/api.w.org\/{rel}","templated":true}]}}