{"id":4893,"date":"2022-04-11T03:53:43","date_gmt":"2022-04-11T03:53:43","guid":{"rendered":"https:\/\/colonos.eco.br\/variedadesdositio\/produto\/capim-santo\/"},"modified":"2025-06-18T12:10:41","modified_gmt":"2025-06-18T17:10:41","slug":"capim-santo","status":"publish","type":"product","link":"https:\/\/colonos.eco.br\/variedadesdositio\/produto\/capim-santo\/","title":{"rendered":"Capim santo"},"content":{"rendered":"<p>O capim santo, tamb\u00e9m conhecido como capim lim\u00e3o ou erva-pr\u00edncipe, \u00e9 uma planta medicinal que possui aroma semelhante ao lim\u00e3o quando suas folhas s\u00e3o cortadas e que pode ser usada para complementar o tratamento de diversas doen\u00e7as, principalmente altera\u00e7\u00f5es no est\u00f4mago. Essa planta tamb\u00e9m possui outros nome, como capim-cidreira capim-cheiroso, capim-cidr\u00e3o, ch\u00e1-de-estrada, capim-cidr\u00f3, capim-catinga ou citronela de Java e seu nome cient\u00edfico \u00e9 Cymbopogon citratus. O capim santo pode ser encontrado em algumas lojas de produtos naturais ou sob a forma de ch\u00e1 em alguns mercados.<\/p>\n","protected":false},"excerpt":{"rendered":"<p>O capim-santo \u00e9 uma planta que apresenta folhas arom\u00e1ticas gra\u00e7as \u00e0 presen\u00e7a de um \u00f3leo essencial rico em citral.<\/p>\n","protected":false},"featured_media":5829,"template":"","meta":[],"product_brand":[],"product_cat":[91],"product_tag":[110,104],"class_list":{"0":"post-4893","1":"product","2":"type-product","3":"status-publish","4":"has-post-thumbnail","6":"product_cat-ervas-temperos","7":"product_tag-cha","8":"product_tag-medicinal","10":"first","11":"instock","12":"shipping-taxable","13":"product-type-simple"},"_links":{"self":[{"href":"https:\/\/colonos.eco.br\/variedadesdositio\/wp-json\/wp\/v2\/product\/4893","targetHints":{"allow":["GET"]}}],"collection":[{"href":"https:\/\/colonos.eco.br\/variedadesdositio\/wp-json\/wp\/v2\/product"}],"about":[{"href":"https:\/\/colonos.eco.br\/variedadesdositio\/wp-json\/wp\/v2\/types\/product"}],"wp:featuredmedia":[{"embeddable":true,"href":"https:\/\/colonos.eco.br\/variedadesdositio\/wp-json\/wp\/v2\/media\/5829"}],"wp:attachment":[{"href":"https:\/\/colonos.eco.br\/variedadesdositio\/wp-json\/wp\/v2\/media?parent=4893"}],"wp:term":[{"taxonomy":"product_brand","embeddable":true,"href":"https:\/\/colonos.eco.br\/variedadesdositio\/wp-json\/wp\/v2\/product_brand?post=4893"},{"taxonomy":"product_cat","embeddable":true,"href":"https:\/\/colonos.eco.br\/variedadesdositio\/wp-json\/wp\/v2\/product_cat?post=4893"},{"taxonomy":"product_tag","embeddable":true,"href":"https:\/\/colonos.eco.br\/variedadesdositio\/wp-json\/wp\/v2\/product_tag?post=4893"}],"curies":[{"name":"wp","href":"https:\/\/api.w.org\/{rel}","templated":true}]}}