{"id":4894,"date":"2022-04-11T03:53:43","date_gmt":"2022-04-11T03:53:43","guid":{"rendered":"https:\/\/colonos.eco.br\/variedadesdositio\/produto\/carambola\/"},"modified":"2025-06-18T12:10:41","modified_gmt":"2025-06-18T17:10:41","slug":"carambola","status":"publish","type":"product","link":"https:\/\/colonos.eco.br\/variedadesdositio\/produto\/carambola\/","title":{"rendered":"Carambola"},"content":{"rendered":"<p>Os benef\u00edcios da carambola s\u00e3o principalmente ajudar a emagrecer, porque \u00e9 uma fruta com muito poucas calorias, e proteger as c\u00e9lulas do corpo, combatendo o envelhecimento, pois \u00e9 rica em antioxidantes. Al\u00e9m de combater o colesterol, pois tem fibras que evitam que o corpo absorva o colesterol, para isso basta comer uma ta\u00e7a de carambola como sobremesa ao almo\u00e7o e diminuir o incha\u00e7o porque \u00e9 diur\u00e9tica, pode-se beber uma ch\u00e1vena de ch\u00e1 de carambola uma vez ao dia;<\/p>\n","protected":false},"excerpt":{"rendered":"<p>Os benef\u00edcios da carambola s\u00e3o porque \u00e9 uma fruta com muito poucas calorias, e protege as c\u00e9lulas do corpo, combatendo o envelhecimento<\/p>\n","protected":false},"featured_media":5831,"template":"","meta":[],"product_brand":[],"product_cat":[152],"product_tag":[166],"class_list":{"0":"post-4894","1":"product","2":"type-product","3":"status-publish","4":"has-post-thumbnail","6":"product_cat-polpas-frutas","7":"product_tag-fruta","9":"first","10":"instock","11":"featured","12":"shipping-taxable","13":"product-type-simple"},"_links":{"self":[{"href":"https:\/\/colonos.eco.br\/variedadesdositio\/wp-json\/wp\/v2\/product\/4894","targetHints":{"allow":["GET"]}}],"collection":[{"href":"https:\/\/colonos.eco.br\/variedadesdositio\/wp-json\/wp\/v2\/product"}],"about":[{"href":"https:\/\/colonos.eco.br\/variedadesdositio\/wp-json\/wp\/v2\/types\/product"}],"wp:featuredmedia":[{"embeddable":true,"href":"https:\/\/colonos.eco.br\/variedadesdositio\/wp-json\/wp\/v2\/media\/5831"}],"wp:attachment":[{"href":"https:\/\/colonos.eco.br\/variedadesdositio\/wp-json\/wp\/v2\/media?parent=4894"}],"wp:term":[{"taxonomy":"product_brand","embeddable":true,"href":"https:\/\/colonos.eco.br\/variedadesdositio\/wp-json\/wp\/v2\/product_brand?post=4894"},{"taxonomy":"product_cat","embeddable":true,"href":"https:\/\/colonos.eco.br\/variedadesdositio\/wp-json\/wp\/v2\/product_cat?post=4894"},{"taxonomy":"product_tag","embeddable":true,"href":"https:\/\/colonos.eco.br\/variedadesdositio\/wp-json\/wp\/v2\/product_tag?post=4894"}],"curies":[{"name":"wp","href":"https:\/\/api.w.org\/{rel}","templated":true}]}}