{"id":4895,"date":"2022-04-11T03:53:43","date_gmt":"2022-04-11T03:53:43","guid":{"rendered":"https:\/\/colonos.eco.br\/variedadesdositio\/produto\/castanha-da-sapucaia\/"},"modified":"2025-06-18T12:10:41","modified_gmt":"2025-06-18T17:10:41","slug":"castanha-da-sapucaia","status":"publish","type":"product","link":"https:\/\/colonos.eco.br\/variedadesdositio\/produto\/castanha-da-sapucaia\/","title":{"rendered":"Castanha da sapucaia"},"content":{"rendered":"<p>As castanhas da sapucaia s\u00e3o comest\u00edveis, de sabor semelhante ao das castanhas do Brasil e caju. S\u00f3 s\u00e3o pouco comercializadas porque a produtividade \u00e9 baixa. Os frutos pesam de 2 a 4 quilos e possuem, em m\u00e9dia, 25 cent\u00edmetros de di\u00e2metro. A matura\u00e7\u00e3o da parte comest\u00edvel da fruta acontece com o fim do inverno e in\u00edcio da primavera, entre agosto e setembro, completando um ciclo de quase um ano, entre a flor e o fruto maduro.<\/p>\n","protected":false},"excerpt":{"rendered":"<p>As castanhas da sapucaia s\u00e3o comest\u00edveis, de sabor semelhante ao das castanhas do Brasil e caju.<\/p>\n","protected":false},"featured_media":6563,"template":"","meta":[],"product_brand":[],"product_cat":[152],"product_tag":[166],"class_list":{"0":"post-4895","1":"product","2":"type-product","3":"status-publish","4":"has-post-thumbnail","6":"product_cat-polpas-frutas","7":"product_tag-fruta","9":"first","10":"instock","11":"shipping-taxable","12":"product-type-simple"},"_links":{"self":[{"href":"https:\/\/colonos.eco.br\/variedadesdositio\/wp-json\/wp\/v2\/product\/4895","targetHints":{"allow":["GET"]}}],"collection":[{"href":"https:\/\/colonos.eco.br\/variedadesdositio\/wp-json\/wp\/v2\/product"}],"about":[{"href":"https:\/\/colonos.eco.br\/variedadesdositio\/wp-json\/wp\/v2\/types\/product"}],"wp:featuredmedia":[{"embeddable":true,"href":"https:\/\/colonos.eco.br\/variedadesdositio\/wp-json\/wp\/v2\/media\/6563"}],"wp:attachment":[{"href":"https:\/\/colonos.eco.br\/variedadesdositio\/wp-json\/wp\/v2\/media?parent=4895"}],"wp:term":[{"taxonomy":"product_brand","embeddable":true,"href":"https:\/\/colonos.eco.br\/variedadesdositio\/wp-json\/wp\/v2\/product_brand?post=4895"},{"taxonomy":"product_cat","embeddable":true,"href":"https:\/\/colonos.eco.br\/variedadesdositio\/wp-json\/wp\/v2\/product_cat?post=4895"},{"taxonomy":"product_tag","embeddable":true,"href":"https:\/\/colonos.eco.br\/variedadesdositio\/wp-json\/wp\/v2\/product_tag?post=4895"}],"curies":[{"name":"wp","href":"https:\/\/api.w.org\/{rel}","templated":true}]}}