{"id":4896,"date":"2022-04-11T03:53:43","date_gmt":"2022-04-11T03:53:43","guid":{"rendered":"https:\/\/colonos.eco.br\/variedadesdositio\/produto\/cebolinha\/"},"modified":"2025-06-18T12:10:42","modified_gmt":"2025-06-18T17:10:42","slug":"cebolinha","status":"publish","type":"product","link":"https:\/\/colonos.eco.br\/variedadesdositio\/produto\/cebolinha\/","title":{"rendered":"Cebolinha"},"content":{"rendered":"<p>A cebolinha \u00e9 a folha de uma planta origin\u00e1ria da Europa, de nome cient\u00edfico Allium schoenoprasum, tamb\u00e9m conhecida popularmente como cebolinha-francesa ou cebolinho, em Portugal. \u00c9 uma planta que atinge no m\u00e1ximo 30 cm de altura, possui folhas roli\u00e7as verde-escuras e flores cor-de-rosa arredondadas.<\/p>\n","protected":false},"excerpt":{"rendered":"<p>A cebolinha \u00e9 largamente utilizada na cozinha oriental, agregando sabor em legumes fritos, saladas e sopas especiais.<\/p>\n","protected":false},"featured_media":5833,"template":"","meta":[],"product_brand":[],"product_cat":[91],"product_tag":[93],"class_list":{"0":"post-4896","1":"product","2":"type-product","3":"status-publish","4":"has-post-thumbnail","6":"product_cat-ervas-temperos","7":"product_tag-tempero","9":"first","10":"instock","11":"shipping-taxable","12":"product-type-simple"},"_links":{"self":[{"href":"https:\/\/colonos.eco.br\/variedadesdositio\/wp-json\/wp\/v2\/product\/4896","targetHints":{"allow":["GET"]}}],"collection":[{"href":"https:\/\/colonos.eco.br\/variedadesdositio\/wp-json\/wp\/v2\/product"}],"about":[{"href":"https:\/\/colonos.eco.br\/variedadesdositio\/wp-json\/wp\/v2\/types\/product"}],"wp:featuredmedia":[{"embeddable":true,"href":"https:\/\/colonos.eco.br\/variedadesdositio\/wp-json\/wp\/v2\/media\/5833"}],"wp:attachment":[{"href":"https:\/\/colonos.eco.br\/variedadesdositio\/wp-json\/wp\/v2\/media?parent=4896"}],"wp:term":[{"taxonomy":"product_brand","embeddable":true,"href":"https:\/\/colonos.eco.br\/variedadesdositio\/wp-json\/wp\/v2\/product_brand?post=4896"},{"taxonomy":"product_cat","embeddable":true,"href":"https:\/\/colonos.eco.br\/variedadesdositio\/wp-json\/wp\/v2\/product_cat?post=4896"},{"taxonomy":"product_tag","embeddable":true,"href":"https:\/\/colonos.eco.br\/variedadesdositio\/wp-json\/wp\/v2\/product_tag?post=4896"}],"curies":[{"name":"wp","href":"https:\/\/api.w.org\/{rel}","templated":true}]}}