{"id":4901,"date":"2022-04-11T03:53:44","date_gmt":"2022-04-11T03:53:44","guid":{"rendered":"https:\/\/colonos.eco.br\/variedadesdositio\/produto\/cheiro-verde\/"},"modified":"2025-06-18T12:10:42","modified_gmt":"2025-06-18T17:10:42","slug":"cheiro-verde","status":"publish","type":"product","link":"https:\/\/colonos.eco.br\/variedadesdositio\/produto\/cheiro-verde\/","title":{"rendered":"Cheiro verde"},"content":{"rendered":"<p>A combina\u00e7\u00e3o da cebolinha com a salsa ou com o coentro \u00e9 popularmente conhecida no Brasil como cheiro-verde. S\u00e3o todas plantas condimentares, usadas em v\u00e1rios pa\u00edses h\u00e1 centenas de anos. A cebolinha pertence \u00e0 fam\u00edlia Ali\u00e1cea, a mesma do alho e da cebola. No Brasil, s\u00e3o cultivadas duas esp\u00e9cies: a cebolinha-verde ou comum, origin\u00e1ria do Oriente ou da Sib\u00e9ria, e a cebolinha de folhas finas ou galega, origin\u00e1ria da Europa.<\/p>\n","protected":false},"excerpt":{"rendered":"<p>A combina\u00e7\u00e3o da cebolinha com a salsa ou com o coentro \u00e9 popularmente conhecida no Brasil como cheiro-verde.<\/p>\n","protected":false},"featured_media":5836,"template":"","meta":[],"product_brand":[],"product_cat":[91],"product_tag":[93],"class_list":{"0":"post-4901","1":"product","2":"type-product","3":"status-publish","4":"has-post-thumbnail","6":"product_cat-ervas-temperos","7":"product_tag-tempero","9":"first","10":"instock","11":"shipping-taxable","12":"purchasable","13":"product-type-simple"},"_links":{"self":[{"href":"https:\/\/colonos.eco.br\/variedadesdositio\/wp-json\/wp\/v2\/product\/4901","targetHints":{"allow":["GET"]}}],"collection":[{"href":"https:\/\/colonos.eco.br\/variedadesdositio\/wp-json\/wp\/v2\/product"}],"about":[{"href":"https:\/\/colonos.eco.br\/variedadesdositio\/wp-json\/wp\/v2\/types\/product"}],"wp:featuredmedia":[{"embeddable":true,"href":"https:\/\/colonos.eco.br\/variedadesdositio\/wp-json\/wp\/v2\/media\/5836"}],"wp:attachment":[{"href":"https:\/\/colonos.eco.br\/variedadesdositio\/wp-json\/wp\/v2\/media?parent=4901"}],"wp:term":[{"taxonomy":"product_brand","embeddable":true,"href":"https:\/\/colonos.eco.br\/variedadesdositio\/wp-json\/wp\/v2\/product_brand?post=4901"},{"taxonomy":"product_cat","embeddable":true,"href":"https:\/\/colonos.eco.br\/variedadesdositio\/wp-json\/wp\/v2\/product_cat?post=4901"},{"taxonomy":"product_tag","embeddable":true,"href":"https:\/\/colonos.eco.br\/variedadesdositio\/wp-json\/wp\/v2\/product_tag?post=4901"}],"curies":[{"name":"wp","href":"https:\/\/api.w.org\/{rel}","templated":true}]}}