{"id":4902,"date":"2022-04-11T03:53:44","date_gmt":"2022-04-11T03:53:44","guid":{"rendered":"https:\/\/colonos.eco.br\/variedadesdositio\/produto\/chicoria\/"},"modified":"2025-06-18T12:10:42","modified_gmt":"2025-06-18T17:10:42","slug":"chicoria","status":"publish","type":"product","link":"https:\/\/colonos.eco.br\/variedadesdositio\/produto\/chicoria\/","title":{"rendered":"Chic\u00f3ria"},"content":{"rendered":"<p>A chic\u00f3ria, cujo nome cient\u00edfico \u00e9 Cichorium pumilum, \u00e9 uma planta rica em vitaminas, minerais e fibras e pode ser consumida crua, em saladas frescas, ou na forma de ch\u00e1s, sendo as partes mais usadas suas folhas e ra\u00edzes. A chic\u00f3ria tamb\u00e9m \u00e9 conhecida como chic\u00f3ria-do-caf\u00e9, almeir\u00e3o, almeir\u00e3o-selvagem, chic\u00f3ria-amarga e chic\u00f3ria-selvagem, sendo muito utilizada para tratar problemas de f\u00edgado ou de intestino. Esta planta tamb\u00e9m possui propriedades pode ajudar no tratamento de dores musculares, melhorar a digest\u00e3o, prevenir doen\u00e7as cardiovasculares e fortalecer o sistema imunol\u00f3gico.<\/p>\n","protected":false},"excerpt":{"rendered":"<p>A chic\u00f3ria \u00e9 uma planta rica em vitaminas, minerais e fibras.<\/p>\n","protected":false},"featured_media":5839,"template":"","meta":[],"product_brand":[],"product_cat":[91],"product_tag":[178,93],"class_list":{"0":"post-4902","1":"product","2":"type-product","3":"status-publish","4":"has-post-thumbnail","6":"product_cat-ervas-temperos","7":"product_tag-folha","8":"product_tag-tempero","10":"first","11":"instock","12":"shipping-taxable","13":"purchasable","14":"product-type-simple"},"_links":{"self":[{"href":"https:\/\/colonos.eco.br\/variedadesdositio\/wp-json\/wp\/v2\/product\/4902","targetHints":{"allow":["GET"]}}],"collection":[{"href":"https:\/\/colonos.eco.br\/variedadesdositio\/wp-json\/wp\/v2\/product"}],"about":[{"href":"https:\/\/colonos.eco.br\/variedadesdositio\/wp-json\/wp\/v2\/types\/product"}],"wp:featuredmedia":[{"embeddable":true,"href":"https:\/\/colonos.eco.br\/variedadesdositio\/wp-json\/wp\/v2\/media\/5839"}],"wp:attachment":[{"href":"https:\/\/colonos.eco.br\/variedadesdositio\/wp-json\/wp\/v2\/media?parent=4902"}],"wp:term":[{"taxonomy":"product_brand","embeddable":true,"href":"https:\/\/colonos.eco.br\/variedadesdositio\/wp-json\/wp\/v2\/product_brand?post=4902"},{"taxonomy":"product_cat","embeddable":true,"href":"https:\/\/colonos.eco.br\/variedadesdositio\/wp-json\/wp\/v2\/product_cat?post=4902"},{"taxonomy":"product_tag","embeddable":true,"href":"https:\/\/colonos.eco.br\/variedadesdositio\/wp-json\/wp\/v2\/product_tag?post=4902"}],"curies":[{"name":"wp","href":"https:\/\/api.w.org\/{rel}","templated":true}]}}