{"id":4903,"date":"2022-04-11T03:53:44","date_gmt":"2022-04-11T08:53:44","guid":{"rendered":"https:\/\/colonos.eco.br\/variedadesdositio\/produto\/coalhada\/"},"modified":"2025-06-18T12:10:42","modified_gmt":"2025-06-18T17:10:42","slug":"coalhada","status":"publish","type":"product","link":"https:\/\/colonos.eco.br\/variedadesdositio\/produto\/coalhada\/","title":{"rendered":"Coalhada"},"content":{"rendered":"<p>A coalhada traz benef\u00edcios para a sa\u00fade como favorecer o ganho de massa muscular, por ser rica em prote\u00ednas, e melhorar a flora intestinal, por ter bact\u00e9rias importantes para a sa\u00fade do intestino.<\/p>\n","protected":false},"excerpt":{"rendered":"<p>Sabe aquela coalhada que todo mundo ama!? \u00c9 ela! A coalhada \u00e9 um alimento muito consumido em todo o mundo. Sua produ\u00e7\u00e3o se d\u00e1 atrav\u00e9s da fermenta\u00e7\u00e3o natural ou estimulada do leite.<\/p>\n","protected":false},"featured_media":5842,"template":"","meta":[],"product_brand":[],"product_cat":[112],"product_tag":[179],"class_list":{"0":"post-4903","1":"product","2":"type-product","3":"status-publish","4":"has-post-thumbnail","6":"product_cat-leite-derivados","7":"product_tag-laticinio","9":"first","10":"instock","11":"shipping-taxable","12":"product-type-simple"},"_links":{"self":[{"href":"https:\/\/colonos.eco.br\/variedadesdositio\/wp-json\/wp\/v2\/product\/4903","targetHints":{"allow":["GET"]}}],"collection":[{"href":"https:\/\/colonos.eco.br\/variedadesdositio\/wp-json\/wp\/v2\/product"}],"about":[{"href":"https:\/\/colonos.eco.br\/variedadesdositio\/wp-json\/wp\/v2\/types\/product"}],"wp:featuredmedia":[{"embeddable":true,"href":"https:\/\/colonos.eco.br\/variedadesdositio\/wp-json\/wp\/v2\/media\/5842"}],"wp:attachment":[{"href":"https:\/\/colonos.eco.br\/variedadesdositio\/wp-json\/wp\/v2\/media?parent=4903"}],"wp:term":[{"taxonomy":"product_brand","embeddable":true,"href":"https:\/\/colonos.eco.br\/variedadesdositio\/wp-json\/wp\/v2\/product_brand?post=4903"},{"taxonomy":"product_cat","embeddable":true,"href":"https:\/\/colonos.eco.br\/variedadesdositio\/wp-json\/wp\/v2\/product_cat?post=4903"},{"taxonomy":"product_tag","embeddable":true,"href":"https:\/\/colonos.eco.br\/variedadesdositio\/wp-json\/wp\/v2\/product_tag?post=4903"}],"curies":[{"name":"wp","href":"https:\/\/api.w.org\/{rel}","templated":true}]}}