{"id":4911,"date":"2022-04-11T03:53:44","date_gmt":"2022-04-11T03:53:44","guid":{"rendered":"https:\/\/colonos.eco.br\/variedadesdositio\/produto\/codorna-abatida\/"},"modified":"2025-06-18T12:10:42","modified_gmt":"2025-06-18T17:10:42","slug":"codorna-abatida","status":"publish","type":"product","link":"https:\/\/colonos.eco.br\/variedadesdositio\/produto\/codorna-abatida\/","title":{"rendered":"Codorna abatida"},"content":{"rendered":"<p>Em compara\u00e7\u00e3o \u00e0s galinhas, as codornas s\u00e3o aves pequenas e pertencentes \u00e0 mesma fam\u00edlia dos fais\u00f5es, pav\u00f5es e perus. Seguindo as caracter\u00edsticas dessas outras aves, apesar do tamanho reduzido, seu corpo \u00e9 robusto. Ainda, suas asas s\u00e3o curtas, arredondadas e seu focinho tem forma de gancho, com a ponta da mand\u00edbula superior um pouco mais presa. Ainda em compara\u00e7\u00e3o aos outros animais da mesma fam\u00edlia, o tamanho, j\u00e1 mencionado, o pesco\u00e7o curto, a cauda curta, o bico pequeno e a aus\u00eancia de esporas nas pernas s\u00e3o algumas das diferen\u00e7as. Suas patas s\u00e3o robustas e a ave utiliza tanto para executar outros animais como para arranhar superf\u00edcies, na busca por alimentos como sementes e invertebrados<\/p>\n","protected":false},"excerpt":{"rendered":"<p>Codornas s\u00e3o aves pequenas e pertencentes \u00e0 mesma fam\u00edlia dos fais\u00f5es, pav\u00f5es e perus. Seguindo as caracter\u00edsticas dessas outras aves, apesar do tamanho reduzido, seu corpo \u00e9 robusto.<\/p>\n","protected":false},"featured_media":5119,"template":"","meta":[],"product_brand":[],"product_cat":[157],"product_tag":[181],"class_list":{"0":"post-4911","1":"product","2":"type-product","3":"status-publish","4":"has-post-thumbnail","6":"product_cat-carnes-peixes","7":"product_tag-aves","9":"first","10":"instock","11":"shipping-taxable","12":"product-type-simple"},"_links":{"self":[{"href":"https:\/\/colonos.eco.br\/variedadesdositio\/wp-json\/wp\/v2\/product\/4911","targetHints":{"allow":["GET"]}}],"collection":[{"href":"https:\/\/colonos.eco.br\/variedadesdositio\/wp-json\/wp\/v2\/product"}],"about":[{"href":"https:\/\/colonos.eco.br\/variedadesdositio\/wp-json\/wp\/v2\/types\/product"}],"wp:featuredmedia":[{"embeddable":true,"href":"https:\/\/colonos.eco.br\/variedadesdositio\/wp-json\/wp\/v2\/media\/5119"}],"wp:attachment":[{"href":"https:\/\/colonos.eco.br\/variedadesdositio\/wp-json\/wp\/v2\/media?parent=4911"}],"wp:term":[{"taxonomy":"product_brand","embeddable":true,"href":"https:\/\/colonos.eco.br\/variedadesdositio\/wp-json\/wp\/v2\/product_brand?post=4911"},{"taxonomy":"product_cat","embeddable":true,"href":"https:\/\/colonos.eco.br\/variedadesdositio\/wp-json\/wp\/v2\/product_cat?post=4911"},{"taxonomy":"product_tag","embeddable":true,"href":"https:\/\/colonos.eco.br\/variedadesdositio\/wp-json\/wp\/v2\/product_tag?post=4911"}],"curies":[{"name":"wp","href":"https:\/\/api.w.org\/{rel}","templated":true}]}}