{"id":4913,"date":"2022-04-11T03:53:45","date_gmt":"2022-04-11T08:53:45","guid":{"rendered":"https:\/\/colonos.eco.br\/variedadesdositio\/produto\/coentro\/"},"modified":"2025-06-18T12:10:42","modified_gmt":"2025-06-18T17:10:42","slug":"coentro","status":"publish","type":"product","link":"https:\/\/colonos.eco.br\/variedadesdositio\/produto\/coentro\/","title":{"rendered":"Coentro"},"content":{"rendered":"<p>O coentro \u00e9 uma planta arom\u00e1tica rica em compostos fen\u00f3licos, como carotenoides, taninos, flavonoides e saponinas que promovem benef\u00edcios para a sa\u00fade, como controle dos n\u00edveis de colesterol e glicose no sangue, evitando doen\u00e7as como infarto e diabetes. Al\u00e9m disso, o coentro tem altas quantidades de pot\u00e1ssio, o que ajuda a eliminar o excesso de s\u00f3dio pela urina, controlando a press\u00e3o alta. Por ter boa concentra\u00e7\u00e3o de vitamina C e vitamina A, o coentro tamb\u00e9m favorece o combate aos radicais livres, fortalecendo o sistema imunol\u00f3gico, prevenindo o envelhecimento precoce e mantendo a hidrata\u00e7\u00e3o e a firmeza da pele.<\/p>\n","protected":false},"excerpt":{"rendered":"<p>O coentro \u00e9 uma planta muito utilizada, principalmente, na forma de tempero, sempre presente na culin\u00e1ria<\/p>\n","protected":false},"featured_media":5861,"template":"","meta":[],"product_brand":[],"product_cat":[91],"product_tag":[178,93],"class_list":{"0":"post-4913","1":"product","2":"type-product","3":"status-publish","4":"has-post-thumbnail","6":"product_cat-ervas-temperos","7":"product_tag-folha","8":"product_tag-tempero","10":"first","11":"instock","12":"sale","13":"shipping-taxable","14":"purchasable","15":"product-type-simple"},"_links":{"self":[{"href":"https:\/\/colonos.eco.br\/variedadesdositio\/wp-json\/wp\/v2\/product\/4913","targetHints":{"allow":["GET"]}}],"collection":[{"href":"https:\/\/colonos.eco.br\/variedadesdositio\/wp-json\/wp\/v2\/product"}],"about":[{"href":"https:\/\/colonos.eco.br\/variedadesdositio\/wp-json\/wp\/v2\/types\/product"}],"wp:featuredmedia":[{"embeddable":true,"href":"https:\/\/colonos.eco.br\/variedadesdositio\/wp-json\/wp\/v2\/media\/5861"}],"wp:attachment":[{"href":"https:\/\/colonos.eco.br\/variedadesdositio\/wp-json\/wp\/v2\/media?parent=4913"}],"wp:term":[{"taxonomy":"product_brand","embeddable":true,"href":"https:\/\/colonos.eco.br\/variedadesdositio\/wp-json\/wp\/v2\/product_brand?post=4913"},{"taxonomy":"product_cat","embeddable":true,"href":"https:\/\/colonos.eco.br\/variedadesdositio\/wp-json\/wp\/v2\/product_cat?post=4913"},{"taxonomy":"product_tag","embeddable":true,"href":"https:\/\/colonos.eco.br\/variedadesdositio\/wp-json\/wp\/v2\/product_tag?post=4913"}],"curies":[{"name":"wp","href":"https:\/\/api.w.org\/{rel}","templated":true}]}}