{"id":4915,"date":"2022-04-11T03:53:46","date_gmt":"2022-04-11T03:53:46","guid":{"rendered":"https:\/\/colonos.eco.br\/variedadesdositio\/produto\/coquinho-de-ouricuri\/"},"modified":"2025-06-18T12:11:11","modified_gmt":"2025-06-18T17:11:11","slug":"coquinho-de-ouricuri","status":"publish","type":"product","link":"https:\/\/colonos.eco.br\/variedadesdositio\/produto\/coquinho-de-ouricuri\/","title":{"rendered":"Coquinho de Ouricuri"},"content":{"rendered":"<p>O coquinho ouricuri \u00e9 origin\u00e1rio do Cerrado brasileiro, mas muito apreciado em alguns estados da regi\u00e3o norte. Com uma \u201ccarne\u201d suculenta e adocicada, esse coquinho pode ser descascado com os dentes e comido em natura. De suas sementes, pode-se extrair \u00f3leo vegetal. As fibras das folhas s\u00e3o mat\u00e9ria-prima para a confec\u00e7\u00e3o de chap\u00e9us e outros objetos artesanais. Os frutos s\u00e3o am\u00eandoas, e s\u00e3o utilizados na ind\u00fastria aliment\u00edcia para diversos produtos, como tamb\u00e9m consumidos in natura.<\/p>\n","protected":false},"excerpt":{"rendered":"<p>O coquinho possui &#8220;carne\u201d suculenta e adocicada, esse coquinho pode ser descascado com os dentes e comido<\/p>\n","protected":false},"featured_media":5867,"template":"","meta":[],"product_brand":[],"product_cat":[152],"product_tag":[166],"class_list":{"0":"post-4915","1":"product","2":"type-product","3":"status-publish","4":"has-post-thumbnail","6":"product_cat-polpas-frutas","7":"product_tag-fruta","9":"first","10":"instock","11":"shipping-taxable","12":"product-type-simple"},"_links":{"self":[{"href":"https:\/\/colonos.eco.br\/variedadesdositio\/wp-json\/wp\/v2\/product\/4915","targetHints":{"allow":["GET"]}}],"collection":[{"href":"https:\/\/colonos.eco.br\/variedadesdositio\/wp-json\/wp\/v2\/product"}],"about":[{"href":"https:\/\/colonos.eco.br\/variedadesdositio\/wp-json\/wp\/v2\/types\/product"}],"wp:featuredmedia":[{"embeddable":true,"href":"https:\/\/colonos.eco.br\/variedadesdositio\/wp-json\/wp\/v2\/media\/5867"}],"wp:attachment":[{"href":"https:\/\/colonos.eco.br\/variedadesdositio\/wp-json\/wp\/v2\/media?parent=4915"}],"wp:term":[{"taxonomy":"product_brand","embeddable":true,"href":"https:\/\/colonos.eco.br\/variedadesdositio\/wp-json\/wp\/v2\/product_brand?post=4915"},{"taxonomy":"product_cat","embeddable":true,"href":"https:\/\/colonos.eco.br\/variedadesdositio\/wp-json\/wp\/v2\/product_cat?post=4915"},{"taxonomy":"product_tag","embeddable":true,"href":"https:\/\/colonos.eco.br\/variedadesdositio\/wp-json\/wp\/v2\/product_tag?post=4915"}],"curies":[{"name":"wp","href":"https:\/\/api.w.org\/{rel}","templated":true}]}}