{"id":4916,"date":"2022-04-11T03:53:46","date_gmt":"2022-04-11T03:53:46","guid":{"rendered":"https:\/\/colonos.eco.br\/variedadesdositio\/produto\/corama\/"},"modified":"2025-06-18T12:11:11","modified_gmt":"2025-06-18T17:11:11","slug":"corama","status":"publish","type":"product","link":"https:\/\/colonos.eco.br\/variedadesdositio\/produto\/corama\/","title":{"rendered":"Corama"},"content":{"rendered":"<p>A corama (Kalanchoe brasiliensis Cambess) tamb\u00e9m conhecida como escama de pirarucu, diabinho, folha-da-fortuna e folha santa \u00e9 uma das plantas medicinais mais utilizadas da medicina tradicional amaz\u00f4nica. Tem sua origem na \u00c1frica e \u00e9 pertencente da fam\u00edlia bot\u00e2nica Crassulaceae, podendo atingir entre 30 centr\u00edmetros a 1,5 m de altura. Possui caule de cor clara e folhas com formato oval e arredondado na base, com suas bordas serrilhadas. Suas flores s\u00e3o miudinhas e de colora\u00e7\u00e3o laranja, rosa, verde-p\u00e1lido ou amarelo avermelhado, e seu per\u00edodo de florada ocorre no in\u00edcio do inverno at\u00e9 o fim da primavera. Pode ser facilmente plantada em quintais das casas, por possuir facilidade de ser cultivada por conta do clima tropical da regi\u00e3o amaz\u00f4nica. Suas folhas podem ser encontradas a venda em mercados municipais, em quiosques de plantas medicinais.<\/p>\n","protected":false},"excerpt":{"rendered":"<p>Tamb\u00e9m conhecida como folha da fortuna, folha da costa, folha grossa e escama de pirarucu<\/p>\n","protected":false},"featured_media":5868,"template":"","meta":[],"product_brand":[],"product_cat":[91],"product_tag":[104],"class_list":{"0":"post-4916","1":"product","2":"type-product","3":"status-publish","4":"has-post-thumbnail","6":"product_cat-ervas-temperos","7":"product_tag-medicinal","9":"first","10":"instock","11":"shipping-taxable","12":"product-type-simple"},"_links":{"self":[{"href":"https:\/\/colonos.eco.br\/variedadesdositio\/wp-json\/wp\/v2\/product\/4916","targetHints":{"allow":["GET"]}}],"collection":[{"href":"https:\/\/colonos.eco.br\/variedadesdositio\/wp-json\/wp\/v2\/product"}],"about":[{"href":"https:\/\/colonos.eco.br\/variedadesdositio\/wp-json\/wp\/v2\/types\/product"}],"wp:featuredmedia":[{"embeddable":true,"href":"https:\/\/colonos.eco.br\/variedadesdositio\/wp-json\/wp\/v2\/media\/5868"}],"wp:attachment":[{"href":"https:\/\/colonos.eco.br\/variedadesdositio\/wp-json\/wp\/v2\/media?parent=4916"}],"wp:term":[{"taxonomy":"product_brand","embeddable":true,"href":"https:\/\/colonos.eco.br\/variedadesdositio\/wp-json\/wp\/v2\/product_brand?post=4916"},{"taxonomy":"product_cat","embeddable":true,"href":"https:\/\/colonos.eco.br\/variedadesdositio\/wp-json\/wp\/v2\/product_cat?post=4916"},{"taxonomy":"product_tag","embeddable":true,"href":"https:\/\/colonos.eco.br\/variedadesdositio\/wp-json\/wp\/v2\/product_tag?post=4916"}],"curies":[{"name":"wp","href":"https:\/\/api.w.org\/{rel}","templated":true}]}}