{"id":4922,"date":"2022-04-10T22:53:46","date_gmt":"2022-04-11T03:53:46","guid":{"rendered":"https:\/\/colonos.eco.br\/variedadesdositio\/produto\/creme-de-cupuacu\/"},"modified":"2025-06-18T12:11:11","modified_gmt":"2025-06-18T17:11:11","slug":"creme-de-cupuacu","status":"publish","type":"product","link":"https:\/\/colonos.eco.br\/variedadesdositio\/produto\/creme-de-cupuacu\/","title":{"rendered":"Creme de Cupua\u00e7u"},"content":{"rendered":"<p>O creme de cupua\u00e7u \u00e9 uma sobremesa a base da polpa da fruta combinada com leites (condensado e creme). A fruta \u00e9 uma \u00f3tima fonte de energia e ajuda no bom funcionamento do intestino. Tem sabor intenso e pode ser levemente \u00e1cido. Cont\u00e9m lactose.<\/p>\n","protected":false},"excerpt":{"rendered":"<p>Doce feito a base da polpa de cupua\u00e7u e leites condensado e em creme. Levemente \u00e1cido, vai bem servido gelado acompanhado de biscoitos.<\/p>\n","protected":false},"featured_media":6550,"template":"","meta":[],"product_brand":[],"product_cat":[156],"product_tag":[179,184],"class_list":{"0":"post-4922","1":"product","2":"type-product","3":"status-publish","4":"has-post-thumbnail","6":"product_cat-bolos-doces","7":"product_tag-laticinio","8":"product_tag-sobremesa","10":"first","11":"instock","12":"shipping-taxable","13":"product-type-simple"},"_links":{"self":[{"href":"https:\/\/colonos.eco.br\/variedadesdositio\/wp-json\/wp\/v2\/product\/4922","targetHints":{"allow":["GET"]}}],"collection":[{"href":"https:\/\/colonos.eco.br\/variedadesdositio\/wp-json\/wp\/v2\/product"}],"about":[{"href":"https:\/\/colonos.eco.br\/variedadesdositio\/wp-json\/wp\/v2\/types\/product"}],"wp:featuredmedia":[{"embeddable":true,"href":"https:\/\/colonos.eco.br\/variedadesdositio\/wp-json\/wp\/v2\/media\/6550"}],"wp:attachment":[{"href":"https:\/\/colonos.eco.br\/variedadesdositio\/wp-json\/wp\/v2\/media?parent=4922"}],"wp:term":[{"taxonomy":"product_brand","embeddable":true,"href":"https:\/\/colonos.eco.br\/variedadesdositio\/wp-json\/wp\/v2\/product_brand?post=4922"},{"taxonomy":"product_cat","embeddable":true,"href":"https:\/\/colonos.eco.br\/variedadesdositio\/wp-json\/wp\/v2\/product_cat?post=4922"},{"taxonomy":"product_tag","embeddable":true,"href":"https:\/\/colonos.eco.br\/variedadesdositio\/wp-json\/wp\/v2\/product_tag?post=4922"}],"curies":[{"name":"wp","href":"https:\/\/api.w.org\/{rel}","templated":true}]}}