{"id":4923,"date":"2022-04-10T22:53:46","date_gmt":"2022-04-11T03:53:46","guid":{"rendered":"https:\/\/colonos.eco.br\/variedadesdositio\/produto\/cubiu\/"},"modified":"2025-06-18T12:23:25","modified_gmt":"2025-06-18T17:23:25","slug":"cubiu","status":"publish","type":"product","link":"https:\/\/colonos.eco.br\/variedadesdositio\/produto\/cubiu\/","title":{"rendered":"Man\u00e1 Cubiu"},"content":{"rendered":"<p>O cubiu ou tomate de \u00edndio \u00e9 um arbusto da fam\u00edlia das solan\u00e1ceas, origin\u00e1rio do ocidente da Amaz\u00f4nia. Estudo indica que o Cubiu traz benef\u00edcios no combate ao colesterol ruim e ao c\u00e2ncer de mama e colorretal. Os frutos do Cubiu podem ser usados para a produ\u00e7\u00e3o de sucos, geleias, n\u00e9ctar, e na culin\u00e1ria, s\u00e3o usados para cozidos de peixes, ele tamb\u00e9m \u00e9 usado na medicina tradicional da Amaz\u00f4nia para tratar in\u00fameras doen\u00e7as, incluindo o uso para reduzir o colesterol, \u00e1cido \u00farico e glicose no sangue.<\/p>\n","protected":false},"excerpt":{"rendered":"<p>O cubiu ou tomate de \u00edndio podem ser usados para a produ\u00e7\u00e3o de sucos, geleias, n\u00e9ctar, e na culin\u00e1ria,<\/p>\n","protected":false},"featured_media":5874,"template":"","meta":[],"product_brand":[],"product_cat":[152],"product_tag":[166],"class_list":{"0":"post-4923","1":"product","2":"type-product","3":"status-publish","4":"has-post-thumbnail","6":"product_cat-polpas-frutas","7":"product_tag-fruta","9":"first","10":"instock","11":"shipping-taxable","12":"product-type-simple"},"_links":{"self":[{"href":"https:\/\/colonos.eco.br\/variedadesdositio\/wp-json\/wp\/v2\/product\/4923","targetHints":{"allow":["GET"]}}],"collection":[{"href":"https:\/\/colonos.eco.br\/variedadesdositio\/wp-json\/wp\/v2\/product"}],"about":[{"href":"https:\/\/colonos.eco.br\/variedadesdositio\/wp-json\/wp\/v2\/types\/product"}],"wp:featuredmedia":[{"embeddable":true,"href":"https:\/\/colonos.eco.br\/variedadesdositio\/wp-json\/wp\/v2\/media\/5874"}],"wp:attachment":[{"href":"https:\/\/colonos.eco.br\/variedadesdositio\/wp-json\/wp\/v2\/media?parent=4923"}],"wp:term":[{"taxonomy":"product_brand","embeddable":true,"href":"https:\/\/colonos.eco.br\/variedadesdositio\/wp-json\/wp\/v2\/product_brand?post=4923"},{"taxonomy":"product_cat","embeddable":true,"href":"https:\/\/colonos.eco.br\/variedadesdositio\/wp-json\/wp\/v2\/product_cat?post=4923"},{"taxonomy":"product_tag","embeddable":true,"href":"https:\/\/colonos.eco.br\/variedadesdositio\/wp-json\/wp\/v2\/product_tag?post=4923"}],"curies":[{"name":"wp","href":"https:\/\/api.w.org\/{rel}","templated":true}]}}