{"id":4924,"date":"2022-04-11T03:53:46","date_gmt":"2022-04-11T03:53:46","guid":{"rendered":"https:\/\/colonos.eco.br\/variedadesdositio\/produto\/cupuacu\/"},"modified":"2025-06-18T12:11:11","modified_gmt":"2025-06-18T17:11:11","slug":"cupuacu","status":"publish","type":"product","link":"https:\/\/colonos.eco.br\/variedadesdositio\/produto\/cupuacu\/","title":{"rendered":"Cupua\u00e7u"},"content":{"rendered":"<p>O cupua\u00e7u \u00e9 o fruto da \u00e1rvore origin\u00e1ria da Amaz\u00f4nia, prima do cacaueiro. \u00c9 o cupua\u00e7ueiro, ou simplesmente cupu. Assim como o cacau, a polpa com as sementes \u00e9 envolta em uma dura casca. Altamente nutritivo, \u00e9 uma \u00f3tima fonte de carboidratos, fibras, flavonoides, carotenoides, vitaminas do complexo B (tiamina, riboflavina e niancina), vitamina C e minerais, como o ferro, c\u00e1lcio e f\u00f3sforo<\/p>\n","protected":false},"excerpt":{"rendered":"<p>O cupua\u00e7u \u00e9 o fruto nutritivo, \u00e9 uma \u00f3tima fonte de carboidratos, fibras, flavonoides, carotenoides, vitaminas do complexo B<\/p>\n","protected":false},"featured_media":5876,"template":"","meta":[],"product_brand":[],"product_cat":[152],"product_tag":[166],"class_list":{"0":"post-4924","1":"product","2":"type-product","3":"status-publish","4":"has-post-thumbnail","6":"product_cat-polpas-frutas","7":"product_tag-fruta","9":"first","10":"instock","11":"featured","12":"shipping-taxable","13":"product-type-simple"},"_links":{"self":[{"href":"https:\/\/colonos.eco.br\/variedadesdositio\/wp-json\/wp\/v2\/product\/4924","targetHints":{"allow":["GET"]}}],"collection":[{"href":"https:\/\/colonos.eco.br\/variedadesdositio\/wp-json\/wp\/v2\/product"}],"about":[{"href":"https:\/\/colonos.eco.br\/variedadesdositio\/wp-json\/wp\/v2\/types\/product"}],"wp:featuredmedia":[{"embeddable":true,"href":"https:\/\/colonos.eco.br\/variedadesdositio\/wp-json\/wp\/v2\/media\/5876"}],"wp:attachment":[{"href":"https:\/\/colonos.eco.br\/variedadesdositio\/wp-json\/wp\/v2\/media?parent=4924"}],"wp:term":[{"taxonomy":"product_brand","embeddable":true,"href":"https:\/\/colonos.eco.br\/variedadesdositio\/wp-json\/wp\/v2\/product_brand?post=4924"},{"taxonomy":"product_cat","embeddable":true,"href":"https:\/\/colonos.eco.br\/variedadesdositio\/wp-json\/wp\/v2\/product_cat?post=4924"},{"taxonomy":"product_tag","embeddable":true,"href":"https:\/\/colonos.eco.br\/variedadesdositio\/wp-json\/wp\/v2\/product_tag?post=4924"}],"curies":[{"name":"wp","href":"https:\/\/api.w.org\/{rel}","templated":true}]}}