{"id":4926,"date":"2022-04-11T04:10:16","date_gmt":"2022-04-11T04:10:16","guid":{"rendered":"https:\/\/colonos.eco.br\/variedadesdositio\/?post_type=product&#038;p=4926"},"modified":"2025-06-18T12:11:44","modified_gmt":"2025-06-18T17:11:44","slug":"farofa-apimentada","status":"publish","type":"product","link":"https:\/\/colonos.eco.br\/variedadesdositio\/produto\/farofa-apimentada\/","title":{"rendered":"Farofa apimentada"},"content":{"rendered":"<p>A farofa surgiu entre os \u00edndios tupis-guaranis e sua inven\u00e7\u00e3o antecedeu a coloniza\u00e7\u00e3o do Brasil pelos portugueses. Historiadores gastron\u00f4micos acreditam que para os \u00edndios satisfazerem a fome, precisariam de um alimento mais nutritivo. Sendo assim, jogaram farinha de mandioca na carapa\u00e7a vazia de uma tartaruga e colocaram para assar. Com isso a gordura da carapa\u00e7a se soltou e misturou a farinha. Dessa forma nascia a farofa! Depois do in\u00edcio da coloniza\u00e7\u00e3o, os portugueses come\u00e7aram a usar essa mistura para suas viagens, afinal, o que seria melhor do que gordura, carne e temperos misturados a farinha seca para n\u00e3o perecer e suportar as adversidades do dia a dia nas expedi\u00e7\u00f5es.<\/p>\n","protected":false},"excerpt":{"rendered":"<p>Delicioso acompanhamento para as refei\u00e7\u00f5es do dia a dia e presen\u00e7a indispens\u00e1vel no churrasco, a Farofa Apimentada com um delicioso toque apimentado.<\/p>\n","protected":false},"featured_media":5885,"template":"","meta":[],"product_brand":[],"product_cat":[111],"product_tag":[159,160,188],"class_list":{"0":"post-4926","1":"product","2":"type-product","3":"status-publish","4":"has-post-thumbnail","6":"product_cat-mercearia","7":"product_tag-fafora","8":"product_tag-farinha","9":"product_tag-pimenta","11":"first","12":"instock","13":"shipping-taxable","14":"product-type-variable"},"_links":{"self":[{"href":"https:\/\/colonos.eco.br\/variedadesdositio\/wp-json\/wp\/v2\/product\/4926","targetHints":{"allow":["GET"]}}],"collection":[{"href":"https:\/\/colonos.eco.br\/variedadesdositio\/wp-json\/wp\/v2\/product"}],"about":[{"href":"https:\/\/colonos.eco.br\/variedadesdositio\/wp-json\/wp\/v2\/types\/product"}],"wp:featuredmedia":[{"embeddable":true,"href":"https:\/\/colonos.eco.br\/variedadesdositio\/wp-json\/wp\/v2\/media\/5885"}],"wp:attachment":[{"href":"https:\/\/colonos.eco.br\/variedadesdositio\/wp-json\/wp\/v2\/media?parent=4926"}],"wp:term":[{"taxonomy":"product_brand","embeddable":true,"href":"https:\/\/colonos.eco.br\/variedadesdositio\/wp-json\/wp\/v2\/product_brand?post=4926"},{"taxonomy":"product_cat","embeddable":true,"href":"https:\/\/colonos.eco.br\/variedadesdositio\/wp-json\/wp\/v2\/product_cat?post=4926"},{"taxonomy":"product_tag","embeddable":true,"href":"https:\/\/colonos.eco.br\/variedadesdositio\/wp-json\/wp\/v2\/product_tag?post=4926"}],"curies":[{"name":"wp","href":"https:\/\/api.w.org\/{rel}","templated":true}]}}