{"id":4927,"date":"2022-04-11T04:10:17","date_gmt":"2022-04-11T04:10:17","guid":{"rendered":"https:\/\/colonos.eco.br\/variedadesdositio\/?post_type=product&#038;p=4927"},"modified":"2025-06-18T12:11:44","modified_gmt":"2025-06-18T17:11:44","slug":"galinha-capira","status":"publish","type":"product","link":"https:\/\/colonos.eco.br\/variedadesdositio\/produto\/galinha-capira\/","title":{"rendered":"Galinha capira"},"content":{"rendered":"<p>Galinha caipira \u00e9 o termo usado na culin\u00e1ria brasileira para se referir ao galin\u00e1ceo dom\u00e9stico criado solto em quintais e fazendas, em contraste com o de cria\u00e7\u00e3o industrial ou de granja. Aparece em receitas tradicionais da culin\u00e1ria mineira e da maioria dos outros estados brasileiros com o nome de \u201cgalinha caipira\u201d (Sudeste) \u201cgalinha de capoeira\u201d (Norte-Nordeste) \u201cgalinha crioula\u201d (Rio Grande do Sul) ou \u201ccaneludo\u201d. Relata-se que como os tropeiros comiam apenas carne de sol e farinha durante suas viagens, ao retornar para casa ansiavam por algo diferente. Assim, as fam\u00edlias preparavam o frango caipira acompanhado de pir\u00e3o, arroz branco e feij\u00e3o tropeiro. Outros autores afirmam que a galinha caipira com quiabo e angu, heran\u00e7a ind\u00edgena, era usada para alimentar escravos.<\/p>\n","protected":false},"excerpt":{"rendered":"<p>Galinha caipira \u00e9 o termo usado na culin\u00e1ria brasileira para se referir ao galin\u00e1ceo dom\u00e9stico criado solto em quintais.<\/p>\n","protected":false},"featured_media":5894,"template":"","meta":[],"product_brand":[],"product_cat":[157],"product_tag":[181,189],"class_list":{"0":"post-4927","1":"product","2":"type-product","3":"status-publish","4":"has-post-thumbnail","6":"product_cat-carnes-peixes","7":"product_tag-aves","8":"product_tag-galinha","10":"first","11":"instock","12":"shipping-taxable","13":"purchasable","14":"product-type-variable","15":"has-default-attributes"},"_links":{"self":[{"href":"https:\/\/colonos.eco.br\/variedadesdositio\/wp-json\/wp\/v2\/product\/4927","targetHints":{"allow":["GET"]}}],"collection":[{"href":"https:\/\/colonos.eco.br\/variedadesdositio\/wp-json\/wp\/v2\/product"}],"about":[{"href":"https:\/\/colonos.eco.br\/variedadesdositio\/wp-json\/wp\/v2\/types\/product"}],"wp:featuredmedia":[{"embeddable":true,"href":"https:\/\/colonos.eco.br\/variedadesdositio\/wp-json\/wp\/v2\/media\/5894"}],"wp:attachment":[{"href":"https:\/\/colonos.eco.br\/variedadesdositio\/wp-json\/wp\/v2\/media?parent=4927"}],"wp:term":[{"taxonomy":"product_brand","embeddable":true,"href":"https:\/\/colonos.eco.br\/variedadesdositio\/wp-json\/wp\/v2\/product_brand?post=4927"},{"taxonomy":"product_cat","embeddable":true,"href":"https:\/\/colonos.eco.br\/variedadesdositio\/wp-json\/wp\/v2\/product_cat?post=4927"},{"taxonomy":"product_tag","embeddable":true,"href":"https:\/\/colonos.eco.br\/variedadesdositio\/wp-json\/wp\/v2\/product_tag?post=4927"}],"curies":[{"name":"wp","href":"https:\/\/api.w.org\/{rel}","templated":true}]}}