{"id":4929,"date":"2022-04-11T04:10:17","date_gmt":"2022-04-11T04:10:17","guid":{"rendered":"https:\/\/colonos.eco.br\/variedadesdositio\/produto\/doce-de-abobora-com-coco\/"},"modified":"2025-06-18T12:11:11","modified_gmt":"2025-06-18T17:11:11","slug":"doce-de-abobora-com-coco","status":"publish","type":"product","link":"https:\/\/colonos.eco.br\/variedadesdositio\/produto\/doce-de-abobora-com-coco\/","title":{"rendered":"Doce de Ab\u00f3bora com coco"},"content":{"rendered":"<p>Doce de ab\u00f3bora \u00e9 um doce t\u00edpico da culin\u00e1ria. A ab\u00f3bora \u00e9 um fruto origin\u00e1rio do continente americano, sendo importante na alimenta\u00e7\u00e3o das civiliza\u00e7\u00f5es pr\u00e9-colombianas. A origem do doce \u00e9 incerta, sendo atribu\u00edda a diferentes estados como Rio Grande do Sul, Rio de Janeiro e Minas Gerais.<\/p>\n","protected":false},"excerpt":{"rendered":"<p>Um bom doce acompanhando seu peda\u00e7o de p\u00e3o, torrada ou biscoito<\/p>\n","protected":false},"featured_media":6259,"template":"","meta":[],"product_brand":[],"product_cat":[156],"product_tag":[184],"class_list":{"0":"post-4929","1":"product","2":"type-product","3":"status-publish","4":"has-post-thumbnail","6":"product_cat-bolos-doces","7":"product_tag-sobremesa","9":"first","10":"instock","11":"shipping-taxable","12":"product-type-simple"},"_links":{"self":[{"href":"https:\/\/colonos.eco.br\/variedadesdositio\/wp-json\/wp\/v2\/product\/4929","targetHints":{"allow":["GET"]}}],"collection":[{"href":"https:\/\/colonos.eco.br\/variedadesdositio\/wp-json\/wp\/v2\/product"}],"about":[{"href":"https:\/\/colonos.eco.br\/variedadesdositio\/wp-json\/wp\/v2\/types\/product"}],"wp:featuredmedia":[{"embeddable":true,"href":"https:\/\/colonos.eco.br\/variedadesdositio\/wp-json\/wp\/v2\/media\/6259"}],"wp:attachment":[{"href":"https:\/\/colonos.eco.br\/variedadesdositio\/wp-json\/wp\/v2\/media?parent=4929"}],"wp:term":[{"taxonomy":"product_brand","embeddable":true,"href":"https:\/\/colonos.eco.br\/variedadesdositio\/wp-json\/wp\/v2\/product_brand?post=4929"},{"taxonomy":"product_cat","embeddable":true,"href":"https:\/\/colonos.eco.br\/variedadesdositio\/wp-json\/wp\/v2\/product_cat?post=4929"},{"taxonomy":"product_tag","embeddable":true,"href":"https:\/\/colonos.eco.br\/variedadesdositio\/wp-json\/wp\/v2\/product_tag?post=4929"}],"curies":[{"name":"wp","href":"https:\/\/api.w.org\/{rel}","templated":true}]}}