{"id":4930,"date":"2022-04-11T04:10:17","date_gmt":"2022-04-11T04:10:17","guid":{"rendered":"https:\/\/colonos.eco.br\/variedadesdositio\/produto\/doce-de-banana-caramelizada\/"},"modified":"2025-06-18T12:11:11","modified_gmt":"2025-06-18T17:11:11","slug":"doce-de-banana-caramelizada","status":"publish","type":"product","link":"https:\/\/colonos.eco.br\/variedadesdositio\/produto\/doce-de-banana-caramelizada\/","title":{"rendered":"Doce de Banana caramelizada"},"content":{"rendered":"","protected":false},"excerpt":{"rendered":"<p>O Doce de Banana Caramelada \u00e9 uma deliciosa op\u00e7\u00e3o para servir como sobremesa em um almo\u00e7o ou jantar.<\/p>\n","protected":false},"featured_media":6350,"template":"","meta":[],"product_brand":[],"product_cat":[156],"product_tag":[184],"class_list":{"0":"post-4930","1":"product","2":"type-product","3":"status-publish","4":"has-post-thumbnail","6":"product_cat-bolos-doces","7":"product_tag-sobremesa","9":"first","10":"instock","11":"shipping-taxable","12":"product-type-simple"},"_links":{"self":[{"href":"https:\/\/colonos.eco.br\/variedadesdositio\/wp-json\/wp\/v2\/product\/4930","targetHints":{"allow":["GET"]}}],"collection":[{"href":"https:\/\/colonos.eco.br\/variedadesdositio\/wp-json\/wp\/v2\/product"}],"about":[{"href":"https:\/\/colonos.eco.br\/variedadesdositio\/wp-json\/wp\/v2\/types\/product"}],"wp:featuredmedia":[{"embeddable":true,"href":"https:\/\/colonos.eco.br\/variedadesdositio\/wp-json\/wp\/v2\/media\/6350"}],"wp:attachment":[{"href":"https:\/\/colonos.eco.br\/variedadesdositio\/wp-json\/wp\/v2\/media?parent=4930"}],"wp:term":[{"taxonomy":"product_brand","embeddable":true,"href":"https:\/\/colonos.eco.br\/variedadesdositio\/wp-json\/wp\/v2\/product_brand?post=4930"},{"taxonomy":"product_cat","embeddable":true,"href":"https:\/\/colonos.eco.br\/variedadesdositio\/wp-json\/wp\/v2\/product_cat?post=4930"},{"taxonomy":"product_tag","embeddable":true,"href":"https:\/\/colonos.eco.br\/variedadesdositio\/wp-json\/wp\/v2\/product_tag?post=4930"}],"curies":[{"name":"wp","href":"https:\/\/api.w.org\/{rel}","templated":true}]}}