{"id":4934,"date":"2022-04-11T04:10:18","date_gmt":"2022-04-11T09:10:18","guid":{"rendered":"https:\/\/colonos.eco.br\/variedadesdositio\/produto\/espinafre\/"},"modified":"2025-06-18T12:11:44","modified_gmt":"2025-06-18T17:11:44","slug":"espinafre","status":"publish","type":"product","link":"https:\/\/colonos.eco.br\/variedadesdositio\/produto\/espinafre\/","title":{"rendered":"Espinafre"},"content":{"rendered":"<p>O espinafre \u00e9 um vegetal verde-escuro rico em vitaminas A, C e E, e compostos fen\u00f3licos, como lute\u00edna, zeaxantina e canferol, com propriedades antioxidantes e anti-inflamat\u00f3rias, que auxiliam no combate ao envelhecimento precoce da pele e evitam o desenvolvimento de doen\u00e7as cardiovasculares. Al\u00e9m disso, o espinafre possui tamb\u00e9m minerais como pot\u00e1ssio e c\u00e1lcio, necess\u00e1rios para a regula\u00e7\u00e3o da press\u00e3o arterial, e ferro, um mineral essencial para ajudar no tratamento e na preven\u00e7\u00e3o da anemia.<\/p>\n","protected":false},"excerpt":{"rendered":"<p>O espinafre \u00e9 um vegetal verde-escuro rico em vitaminas A, C e E<\/p>\n","protected":false},"featured_media":5883,"template":"","meta":[],"product_brand":[],"product_cat":[153],"product_tag":[178,187],"class_list":{"0":"post-4934","1":"product","2":"type-product","3":"status-publish","4":"has-post-thumbnail","6":"product_cat-verduras-legumes","7":"product_tag-folha","8":"product_tag-salada","10":"first","11":"instock","12":"shipping-taxable","13":"product-type-simple"},"_links":{"self":[{"href":"https:\/\/colonos.eco.br\/variedadesdositio\/wp-json\/wp\/v2\/product\/4934","targetHints":{"allow":["GET"]}}],"collection":[{"href":"https:\/\/colonos.eco.br\/variedadesdositio\/wp-json\/wp\/v2\/product"}],"about":[{"href":"https:\/\/colonos.eco.br\/variedadesdositio\/wp-json\/wp\/v2\/types\/product"}],"wp:featuredmedia":[{"embeddable":true,"href":"https:\/\/colonos.eco.br\/variedadesdositio\/wp-json\/wp\/v2\/media\/5883"}],"wp:attachment":[{"href":"https:\/\/colonos.eco.br\/variedadesdositio\/wp-json\/wp\/v2\/media?parent=4934"}],"wp:term":[{"taxonomy":"product_brand","embeddable":true,"href":"https:\/\/colonos.eco.br\/variedadesdositio\/wp-json\/wp\/v2\/product_brand?post=4934"},{"taxonomy":"product_cat","embeddable":true,"href":"https:\/\/colonos.eco.br\/variedadesdositio\/wp-json\/wp\/v2\/product_cat?post=4934"},{"taxonomy":"product_tag","embeddable":true,"href":"https:\/\/colonos.eco.br\/variedadesdositio\/wp-json\/wp\/v2\/product_tag?post=4934"}],"curies":[{"name":"wp","href":"https:\/\/api.w.org\/{rel}","templated":true}]}}