{"id":4935,"date":"2022-04-11T04:10:18","date_gmt":"2022-04-11T04:10:18","guid":{"rendered":"https:\/\/colonos.eco.br\/variedadesdositio\/produto\/espinhaco-suino\/"},"modified":"2025-06-18T12:11:44","modified_gmt":"2025-06-18T17:11:44","slug":"espinhaco-suino","status":"publish","type":"product","link":"https:\/\/colonos.eco.br\/variedadesdositio\/produto\/espinhaco-suino\/","title":{"rendered":"Espinha\u00e7o su\u00edno"},"content":{"rendered":"<p>Tamb\u00e9m conhecido como su\u00e3, s\u00e3o ossos de su\u00edno cortados da coluna vertebral na parte posterior do dorso, localizado por cima do pernil. Tamb\u00e9m conhecido como su\u00e3, s\u00e3o ossos de su\u00edno cortados da coluna vertebral na parte posterior do dorso, localizado por cima do pernil.<\/p>\n","protected":false},"excerpt":{"rendered":"<p>S\u00e3o ossos de su\u00edno cortados da coluna vertebral na parte posterior do dorso, localizado por cima do pernil<\/p>\n","protected":false},"featured_media":0,"template":"","meta":[],"product_brand":[],"product_cat":[157],"product_tag":[183],"class_list":{"0":"post-4935","1":"product","2":"type-product","3":"status-publish","5":"product_cat-carnes-peixes","6":"product_tag-suino","8":"first","9":"instock","10":"shipping-taxable","11":"product-type-simple"},"_links":{"self":[{"href":"https:\/\/colonos.eco.br\/variedadesdositio\/wp-json\/wp\/v2\/product\/4935","targetHints":{"allow":["GET"]}}],"collection":[{"href":"https:\/\/colonos.eco.br\/variedadesdositio\/wp-json\/wp\/v2\/product"}],"about":[{"href":"https:\/\/colonos.eco.br\/variedadesdositio\/wp-json\/wp\/v2\/types\/product"}],"wp:attachment":[{"href":"https:\/\/colonos.eco.br\/variedadesdositio\/wp-json\/wp\/v2\/media?parent=4935"}],"wp:term":[{"taxonomy":"product_brand","embeddable":true,"href":"https:\/\/colonos.eco.br\/variedadesdositio\/wp-json\/wp\/v2\/product_brand?post=4935"},{"taxonomy":"product_cat","embeddable":true,"href":"https:\/\/colonos.eco.br\/variedadesdositio\/wp-json\/wp\/v2\/product_cat?post=4935"},{"taxonomy":"product_tag","embeddable":true,"href":"https:\/\/colonos.eco.br\/variedadesdositio\/wp-json\/wp\/v2\/product_tag?post=4935"}],"curies":[{"name":"wp","href":"https:\/\/api.w.org\/{rel}","templated":true}]}}