{"id":4939,"date":"2022-04-10T23:10:18","date_gmt":"2022-04-11T04:10:18","guid":{"rendered":"https:\/\/colonos.eco.br\/variedadesdositio\/produto\/file-de-pirarucu\/"},"modified":"2025-06-18T12:11:44","modified_gmt":"2025-06-18T17:11:44","slug":"file-de-pirarucu","status":"publish","type":"product","link":"https:\/\/colonos.eco.br\/variedadesdositio\/produto\/file-de-pirarucu\/","title":{"rendered":"Fil\u00e9 de Pirarucu"},"content":{"rendered":"<p>Origin\u00e1rio da Amaz\u00f4nia brasileira, seus fil\u00e9s altos sem pele de sabor \u00fanico s\u00e3o ideais para o preparo de ceviches e caldeiradas com bastante tempero, al\u00e9m de ficarem deliciosos tamb\u00e9m na churrasqueira. O pirarucu \u00e9 um pescado rico em prote\u00ednas e nutrientes como ferro, zinco, iodo, magn\u00e9sio, pot\u00e1ssio, c\u00e1lcio e, principalmente, \u00f4mega-3, 6 e 9. Al\u00e9m das vitaminas A, D, C e E.<\/p>\n","protected":false},"excerpt":{"rendered":"<p>O Fil\u00e9 de Pirarucu, maior peixe de \u00e1gua doce, tem uma carne de sabor suave e rica em \u00f4mega 3. \u00d3timo para ser consumido grelhado ou em pratos tadicionais tal como &#8216;pirarucu a casaca&#8217;<\/p>\n","protected":false},"featured_media":5888,"template":"","meta":[],"product_brand":[],"product_cat":[157],"product_tag":[],"class_list":{"0":"post-4939","1":"product","2":"type-product","3":"status-publish","4":"has-post-thumbnail","6":"product_cat-carnes-peixes","8":"first","9":"instock","10":"shipping-taxable","11":"purchasable","12":"product-type-simple"},"_links":{"self":[{"href":"https:\/\/colonos.eco.br\/variedadesdositio\/wp-json\/wp\/v2\/product\/4939","targetHints":{"allow":["GET"]}}],"collection":[{"href":"https:\/\/colonos.eco.br\/variedadesdositio\/wp-json\/wp\/v2\/product"}],"about":[{"href":"https:\/\/colonos.eco.br\/variedadesdositio\/wp-json\/wp\/v2\/types\/product"}],"wp:featuredmedia":[{"embeddable":true,"href":"https:\/\/colonos.eco.br\/variedadesdositio\/wp-json\/wp\/v2\/media\/5888"}],"wp:attachment":[{"href":"https:\/\/colonos.eco.br\/variedadesdositio\/wp-json\/wp\/v2\/media?parent=4939"}],"wp:term":[{"taxonomy":"product_brand","embeddable":true,"href":"https:\/\/colonos.eco.br\/variedadesdositio\/wp-json\/wp\/v2\/product_brand?post=4939"},{"taxonomy":"product_cat","embeddable":true,"href":"https:\/\/colonos.eco.br\/variedadesdositio\/wp-json\/wp\/v2\/product_cat?post=4939"},{"taxonomy":"product_tag","embeddable":true,"href":"https:\/\/colonos.eco.br\/variedadesdositio\/wp-json\/wp\/v2\/product_tag?post=4939"}],"curies":[{"name":"wp","href":"https:\/\/api.w.org\/{rel}","templated":true}]}}