{"id":4941,"date":"2022-04-11T04:10:18","date_gmt":"2022-04-11T04:10:18","guid":{"rendered":"https:\/\/colonos.eco.br\/variedadesdositio\/produto\/folha-de-algodao\/"},"modified":"2025-06-18T12:11:44","modified_gmt":"2025-06-18T17:11:44","slug":"folha-de-algodao","status":"publish","type":"product","link":"https:\/\/colonos.eco.br\/variedadesdositio\/produto\/folha-de-algodao\/","title":{"rendered":"Folha de algod\u00e3o"},"content":{"rendered":"<p>O algodoeiro \u00e9 o nome vulgar dado a v\u00e1rias esp\u00e9cies do g\u00e9nero bot\u00e2nico Gossypium L., da fam\u00edlia Malvaceae. Existem cerca de 40 esp\u00e9cies, arbustivas, nativas das regi\u00f5es subtropicais e tropicais, algumas das quais s\u00e3o utilizadas para a produ\u00e7\u00e3o da fibra t\u00eaxtil conhecida como algod\u00e3o. Em estado selvagem, os arbustos do algodoeiro conseguem atingir at\u00e9 7 m de altura. As folhas s\u00e3o grandes, com tr\u00eas, cinco (ou mesmo sete) lobos. As sementes est\u00e3o contidas numa c\u00e1psula, estando cada uma envolvida numa fibra felpuda designada pelo voc\u00e1bulo ingl\u00eas lint (plural: linters). As esp\u00e9cies mais utilizadas para fins comerciais s\u00e3o G. hirsutum (Estados Unidos e Austr\u00e1lia), G. arboreum e G. herbaceum (\u00c1sia), e G. barbadense (Egipto). Os linters s\u00e3o, geralmente brancos, mas existem tamb\u00e9m variedades com cor castanha ou verde que, para n\u00e3o contaminarem geneticamente a variedade branca, t\u00eam a sua planta\u00e7\u00e3o banida junto \u00e0s grandes produ\u00e7\u00f5es de algod\u00e3o.<\/p>\n","protected":false},"excerpt":{"rendered":"<p>Utilizado na forma de ch\u00e1 ou de tintura. Usado na cicatriza\u00e7\u00e3o e no al\u00edvio de dores, reumatismo e para regular a\u00e7ucar no sangue.<\/p>\n","protected":false},"featured_media":5892,"template":"","meta":[],"product_brand":[],"product_cat":[91],"product_tag":[104],"class_list":{"0":"post-4941","1":"product","2":"type-product","3":"status-publish","4":"has-post-thumbnail","6":"product_cat-ervas-temperos","7":"product_tag-medicinal","9":"first","10":"instock","11":"shipping-taxable","12":"product-type-simple"},"_links":{"self":[{"href":"https:\/\/colonos.eco.br\/variedadesdositio\/wp-json\/wp\/v2\/product\/4941","targetHints":{"allow":["GET"]}}],"collection":[{"href":"https:\/\/colonos.eco.br\/variedadesdositio\/wp-json\/wp\/v2\/product"}],"about":[{"href":"https:\/\/colonos.eco.br\/variedadesdositio\/wp-json\/wp\/v2\/types\/product"}],"wp:featuredmedia":[{"embeddable":true,"href":"https:\/\/colonos.eco.br\/variedadesdositio\/wp-json\/wp\/v2\/media\/5892"}],"wp:attachment":[{"href":"https:\/\/colonos.eco.br\/variedadesdositio\/wp-json\/wp\/v2\/media?parent=4941"}],"wp:term":[{"taxonomy":"product_brand","embeddable":true,"href":"https:\/\/colonos.eco.br\/variedadesdositio\/wp-json\/wp\/v2\/product_brand?post=4941"},{"taxonomy":"product_cat","embeddable":true,"href":"https:\/\/colonos.eco.br\/variedadesdositio\/wp-json\/wp\/v2\/product_cat?post=4941"},{"taxonomy":"product_tag","embeddable":true,"href":"https:\/\/colonos.eco.br\/variedadesdositio\/wp-json\/wp\/v2\/product_tag?post=4941"}],"curies":[{"name":"wp","href":"https:\/\/api.w.org\/{rel}","templated":true}]}}