{"id":4942,"date":"2022-04-11T04:10:18","date_gmt":"2022-04-11T09:10:18","guid":{"rendered":"https:\/\/colonos.eco.br\/variedadesdositio\/produto\/frango-caipira\/"},"modified":"2025-06-18T12:11:44","modified_gmt":"2025-06-18T17:11:44","slug":"frango-caipira","status":"publish","type":"product","link":"https:\/\/colonos.eco.br\/variedadesdositio\/produto\/frango-caipira\/","title":{"rendered":"Frango Caipira"},"content":{"rendered":"<p>Frango caipira \u00e9 o termo usado na culin\u00e1ria brasileira para se referir ao galin\u00e1ceo dom\u00e9stico criado solto em quintais e fazendas, em contraste com o de cria\u00e7\u00e3o industrial ou de granja. Aparece em receitas tradicionais da culin\u00e1ria mineira e da maioria dos outros estados brasileiros com o nome de \u201cgalinha caipira\u201d (Sudeste) \u201cgalinha de capoeira\u201d (Norte-Nordeste) \u201cgalinha crioula\u201d (Rio Grande do Sul) ou \u201ccaneludo\u201d. Relata-se que como os tropeiros comiam apenas carne de sol e farinha durante suas viagens, ao retornar para casa ansiavam por algo diferente. Assim, as fam\u00edlias preparavam o frango caipira acompanhado de pir\u00e3o, arroz branco e feij\u00e3o tropeiro. Outros autores afirmam que a galinha caipira com quiabo e angu, heran\u00e7a ind\u00edgena, era usada para alimentar escravos.<\/p>\n","protected":false},"excerpt":{"rendered":"<p>Frango caipira \u00e9 o termo usado na culin\u00e1ria brasileira para se referir ao galin\u00e1ceo dom\u00e9stico criado solto em quintais.<\/p>\n","protected":false},"featured_media":5143,"template":"","meta":[],"product_brand":[],"product_cat":[157],"product_tag":[],"class_list":{"0":"post-4942","1":"product","2":"type-product","3":"status-publish","4":"has-post-thumbnail","6":"product_cat-carnes-peixes","8":"first","9":"instock","10":"shipping-taxable","11":"product-type-simple"},"_links":{"self":[{"href":"https:\/\/colonos.eco.br\/variedadesdositio\/wp-json\/wp\/v2\/product\/4942","targetHints":{"allow":["GET"]}}],"collection":[{"href":"https:\/\/colonos.eco.br\/variedadesdositio\/wp-json\/wp\/v2\/product"}],"about":[{"href":"https:\/\/colonos.eco.br\/variedadesdositio\/wp-json\/wp\/v2\/types\/product"}],"wp:featuredmedia":[{"embeddable":true,"href":"https:\/\/colonos.eco.br\/variedadesdositio\/wp-json\/wp\/v2\/media\/5143"}],"wp:attachment":[{"href":"https:\/\/colonos.eco.br\/variedadesdositio\/wp-json\/wp\/v2\/media?parent=4942"}],"wp:term":[{"taxonomy":"product_brand","embeddable":true,"href":"https:\/\/colonos.eco.br\/variedadesdositio\/wp-json\/wp\/v2\/product_brand?post=4942"},{"taxonomy":"product_cat","embeddable":true,"href":"https:\/\/colonos.eco.br\/variedadesdositio\/wp-json\/wp\/v2\/product_cat?post=4942"},{"taxonomy":"product_tag","embeddable":true,"href":"https:\/\/colonos.eco.br\/variedadesdositio\/wp-json\/wp\/v2\/product_tag?post=4942"}],"curies":[{"name":"wp","href":"https:\/\/api.w.org\/{rel}","templated":true}]}}