{"id":4946,"date":"2022-04-11T04:10:19","date_gmt":"2022-04-11T04:10:19","guid":{"rendered":"https:\/\/colonos.eco.br\/variedadesdositio\/produto\/geleia-de-cupuacu-com-pimenta-murupi\/"},"modified":"2025-06-18T12:12:20","modified_gmt":"2025-06-18T17:12:20","slug":"geleia-de-cupuacu-com-pimenta-murupi","status":"publish","type":"product","link":"https:\/\/colonos.eco.br\/variedadesdositio\/produto\/geleia-de-cupuacu-com-pimenta-murupi\/","title":{"rendered":"Geleia de cupua\u00e7u com pimenta murupi"},"content":{"rendered":"<p>A geleia \u00e9 um tipo de doce de fruta que n\u00e3o cont\u00e9m toda a polpa de semente de fruta e tem um aspecto semitransparente e uma consist\u00eancia gelatinosa, devida \u00e0 pectina das frutas. Tradicionalmente a geleia de frutas \u00e9 feita cozendo os frutos, ou partes deles, com bastante l\u00edquido (\u00e1gua, sumo\/suco de frutos ou vinho) e a\u00e7\u00facar, e depois se coa, se tornando numa pasta quase transparente quando arrefece. Uma geleia tradicional em Portugal \u00e9 feita com as cascas e caro\u00e7os do marmelo, depois de usar a polpa para fazer marmelada. Geleia de cupua\u00e7u \u00e9 um produto criado por pesquisadores da Amaz\u00f4nia com consci\u00eancia social e ambiental. Portanto, o produto envolve ci\u00eancia, cultura, comunidade e sustentabilidade. Al\u00e9m disso, toso os frutos e ervas s\u00e3o provenientes de produtores locais da Agricultura Familiar.<\/p>\n","protected":false},"excerpt":{"rendered":"<p>A geleia \u00e9 um tipo de doce de fruta que n\u00e3o cont\u00e9m toda a polpa de semente de fruta.<\/p>\n","protected":false},"featured_media":5895,"template":"","meta":[],"product_brand":[],"product_cat":[156],"product_tag":[190],"class_list":{"0":"post-4946","1":"product","2":"type-product","3":"status-publish","4":"has-post-thumbnail","6":"product_cat-bolos-doces","7":"product_tag-geleia","9":"first","10":"instock","11":"shipping-taxable","12":"product-type-simple"},"_links":{"self":[{"href":"https:\/\/colonos.eco.br\/variedadesdositio\/wp-json\/wp\/v2\/product\/4946","targetHints":{"allow":["GET"]}}],"collection":[{"href":"https:\/\/colonos.eco.br\/variedadesdositio\/wp-json\/wp\/v2\/product"}],"about":[{"href":"https:\/\/colonos.eco.br\/variedadesdositio\/wp-json\/wp\/v2\/types\/product"}],"wp:featuredmedia":[{"embeddable":true,"href":"https:\/\/colonos.eco.br\/variedadesdositio\/wp-json\/wp\/v2\/media\/5895"}],"wp:attachment":[{"href":"https:\/\/colonos.eco.br\/variedadesdositio\/wp-json\/wp\/v2\/media?parent=4946"}],"wp:term":[{"taxonomy":"product_brand","embeddable":true,"href":"https:\/\/colonos.eco.br\/variedadesdositio\/wp-json\/wp\/v2\/product_brand?post=4946"},{"taxonomy":"product_cat","embeddable":true,"href":"https:\/\/colonos.eco.br\/variedadesdositio\/wp-json\/wp\/v2\/product_cat?post=4946"},{"taxonomy":"product_tag","embeddable":true,"href":"https:\/\/colonos.eco.br\/variedadesdositio\/wp-json\/wp\/v2\/product_tag?post=4946"}],"curies":[{"name":"wp","href":"https:\/\/api.w.org\/{rel}","templated":true}]}}