{"id":4947,"date":"2022-04-11T04:10:20","date_gmt":"2022-04-11T04:10:20","guid":{"rendered":"https:\/\/colonos.eco.br\/variedadesdositio\/?post_type=product&#038;p=4947"},"modified":"2025-06-18T12:12:20","modified_gmt":"2025-06-18T17:12:20","slug":"gergelim","status":"publish","type":"product","link":"https:\/\/colonos.eco.br\/variedadesdositio\/produto\/gergelim\/","title":{"rendered":"Gergelim"},"content":{"rendered":"<p>O gergelim, tamb\u00e9m conhecido como s\u00e9samo, \u00e9 a semente de uma planta origin\u00e1ria do Oriente, de nome cient\u00edfico Sesamum indicum. Al\u00e9m de deliciosas, as sementes de gergelim trazem muitos benef\u00edcios, como melhorar a sa\u00fade \u00f3ssea, proteger contra radia\u00e7\u00e3o e prevenir c\u00e2ncer, hipertens\u00e3o, diabetes e inflama\u00e7\u00e3o.<\/p>\n","protected":false},"excerpt":{"rendered":"<p>Rico em fibras, o gergelim d\u00e1 sensa\u00e7\u00e3o de saciedade e melhora o tr\u00e2nsito intestinal, entre outros benef\u00edcios<\/p>\n","protected":false},"featured_media":6287,"template":"","meta":[],"product_brand":[],"product_cat":[111],"product_tag":[],"class_list":{"0":"post-4947","1":"product","2":"type-product","3":"status-publish","4":"has-post-thumbnail","6":"product_cat-mercearia","8":"first","9":"instock","10":"shipping-taxable","11":"product-type-variable"},"_links":{"self":[{"href":"https:\/\/colonos.eco.br\/variedadesdositio\/wp-json\/wp\/v2\/product\/4947","targetHints":{"allow":["GET"]}}],"collection":[{"href":"https:\/\/colonos.eco.br\/variedadesdositio\/wp-json\/wp\/v2\/product"}],"about":[{"href":"https:\/\/colonos.eco.br\/variedadesdositio\/wp-json\/wp\/v2\/types\/product"}],"wp:featuredmedia":[{"embeddable":true,"href":"https:\/\/colonos.eco.br\/variedadesdositio\/wp-json\/wp\/v2\/media\/6287"}],"wp:attachment":[{"href":"https:\/\/colonos.eco.br\/variedadesdositio\/wp-json\/wp\/v2\/media?parent=4947"}],"wp:term":[{"taxonomy":"product_brand","embeddable":true,"href":"https:\/\/colonos.eco.br\/variedadesdositio\/wp-json\/wp\/v2\/product_brand?post=4947"},{"taxonomy":"product_cat","embeddable":true,"href":"https:\/\/colonos.eco.br\/variedadesdositio\/wp-json\/wp\/v2\/product_cat?post=4947"},{"taxonomy":"product_tag","embeddable":true,"href":"https:\/\/colonos.eco.br\/variedadesdositio\/wp-json\/wp\/v2\/product_tag?post=4947"}],"curies":[{"name":"wp","href":"https:\/\/api.w.org\/{rel}","templated":true}]}}