{"id":4951,"date":"2022-04-11T04:10:20","date_gmt":"2022-04-11T04:10:20","guid":{"rendered":"https:\/\/colonos.eco.br\/variedadesdositio\/produto\/goiaba\/"},"modified":"2025-06-18T12:12:20","modified_gmt":"2025-06-18T17:12:20","slug":"goiaba","status":"publish","type":"product","link":"https:\/\/colonos.eco.br\/variedadesdositio\/produto\/goiaba\/","title":{"rendered":"Goiaba"},"content":{"rendered":"<p>Seja nos sucos, vitaminas, goiabadas ou geleias, a goiaba \u00e9 uma excelente op\u00e7\u00e3o para alimenta\u00e7\u00e3o funcional, r\u00e1pida e nutritiva. Pesquisas recentes mostram que a goiaba \u00e9 rica em vitamina C, licopeno, caroteno e prote\u00ednas, firmando-se como excelente alimento para diab\u00e9ticos.<\/p>\n","protected":false},"excerpt":{"rendered":"<p>A goiaba \u00e9 rica em vitamina C, licopeno, caroteno e prote\u00ednas.<\/p>\n","protected":false},"featured_media":5902,"template":"","meta":[],"product_brand":[],"product_cat":[152],"product_tag":[166],"class_list":{"0":"post-4951","1":"product","2":"type-product","3":"status-publish","4":"has-post-thumbnail","6":"product_cat-polpas-frutas","7":"product_tag-fruta","9":"first","10":"instock","11":"shipping-taxable","12":"product-type-simple"},"_links":{"self":[{"href":"https:\/\/colonos.eco.br\/variedadesdositio\/wp-json\/wp\/v2\/product\/4951","targetHints":{"allow":["GET"]}}],"collection":[{"href":"https:\/\/colonos.eco.br\/variedadesdositio\/wp-json\/wp\/v2\/product"}],"about":[{"href":"https:\/\/colonos.eco.br\/variedadesdositio\/wp-json\/wp\/v2\/types\/product"}],"wp:featuredmedia":[{"embeddable":true,"href":"https:\/\/colonos.eco.br\/variedadesdositio\/wp-json\/wp\/v2\/media\/5902"}],"wp:attachment":[{"href":"https:\/\/colonos.eco.br\/variedadesdositio\/wp-json\/wp\/v2\/media?parent=4951"}],"wp:term":[{"taxonomy":"product_brand","embeddable":true,"href":"https:\/\/colonos.eco.br\/variedadesdositio\/wp-json\/wp\/v2\/product_brand?post=4951"},{"taxonomy":"product_cat","embeddable":true,"href":"https:\/\/colonos.eco.br\/variedadesdositio\/wp-json\/wp\/v2\/product_cat?post=4951"},{"taxonomy":"product_tag","embeddable":true,"href":"https:\/\/colonos.eco.br\/variedadesdositio\/wp-json\/wp\/v2\/product_tag?post=4951"}],"curies":[{"name":"wp","href":"https:\/\/api.w.org\/{rel}","templated":true}]}}