{"id":4952,"date":"2022-04-11T04:10:21","date_gmt":"2022-04-11T09:10:21","guid":{"rendered":"https:\/\/colonos.eco.br\/variedadesdositio\/produto\/goma\/"},"modified":"2025-06-18T12:12:20","modified_gmt":"2025-06-18T17:12:20","slug":"goma","status":"publish","type":"product","link":"https:\/\/colonos.eco.br\/variedadesdositio\/produto\/goma\/","title":{"rendered":"Goma"},"content":{"rendered":"<p>A Goma de Mandioca n\u00e3o cont\u00e9m gl\u00faten, possui vitaminas do complexo B, vitaminas K e ainda possui c\u00e1lcio e ferro \u00e9 fonte de carboidratos, n\u00e3o possui colesterol e nem gordura saturada o que a torna uma \u00f3tima fonte de energia para o corpo.<\/p>\n","protected":false},"excerpt":{"rendered":"<p>O amido de mandioca hidratado e deixado para descansar para formar blocos, depois \u00e9 passado por uma peneira para ficar como uma farinh<\/p>\n","protected":false},"featured_media":5905,"template":"","meta":[],"product_brand":[],"product_cat":[111],"product_tag":[162,161],"class_list":{"0":"post-4952","1":"product","2":"type-product","3":"status-publish","4":"has-post-thumbnail","6":"product_cat-mercearia","7":"product_tag-goma","8":"product_tag-massa","10":"first","11":"instock","12":"shipping-taxable","13":"purchasable","14":"product-type-simple"},"_links":{"self":[{"href":"https:\/\/colonos.eco.br\/variedadesdositio\/wp-json\/wp\/v2\/product\/4952","targetHints":{"allow":["GET"]}}],"collection":[{"href":"https:\/\/colonos.eco.br\/variedadesdositio\/wp-json\/wp\/v2\/product"}],"about":[{"href":"https:\/\/colonos.eco.br\/variedadesdositio\/wp-json\/wp\/v2\/types\/product"}],"wp:featuredmedia":[{"embeddable":true,"href":"https:\/\/colonos.eco.br\/variedadesdositio\/wp-json\/wp\/v2\/media\/5905"}],"wp:attachment":[{"href":"https:\/\/colonos.eco.br\/variedadesdositio\/wp-json\/wp\/v2\/media?parent=4952"}],"wp:term":[{"taxonomy":"product_brand","embeddable":true,"href":"https:\/\/colonos.eco.br\/variedadesdositio\/wp-json\/wp\/v2\/product_brand?post=4952"},{"taxonomy":"product_cat","embeddable":true,"href":"https:\/\/colonos.eco.br\/variedadesdositio\/wp-json\/wp\/v2\/product_cat?post=4952"},{"taxonomy":"product_tag","embeddable":true,"href":"https:\/\/colonos.eco.br\/variedadesdositio\/wp-json\/wp\/v2\/product_tag?post=4952"}],"curies":[{"name":"wp","href":"https:\/\/api.w.org\/{rel}","templated":true}]}}